{"id":29807,"date":"2023-06-21T14:38:16","date_gmt":"2023-06-21T14:38:16","guid":{"rendered":"https:\/\/obeck.higginsdevelopment.co.uk\/connaissance-expertise\/"},"modified":"2024-04-29T11:49:56","modified_gmt":"2024-04-29T11:49:56","slug":"know-how","status":"publish","type":"page","link":"https:\/\/obeck.higginsdevelopment.co.uk\/de\/know-how\/","title":{"rendered":"Know How"},"content":{"rendered":"\r\n<section id=\"header-with-description-block_9fe554ba3ba9ed3dea9b0adb3d581edd\" class=\"header-with-description \">\r\n    <div class=\"container-fluid\">\r\n        <div class=\"row\">\r\n            <div class=\"col-lg-6\">\r\n                <h1>Qualit\u00e4t &#038; Flexibilit\u00e4t <br>in der Verpackungsindustrie<\/h1>\r\n            <\/div>\r\n            <div class=\"col-lg-6\">\r\n\r\n                <div class=\"news-content\">\r\n\r\n                    <p>Unsere St\u00e4rken resultieren aus unserer Unternehmensstruktur &#8211; als inhabergef\u00fchrtes Familienunternehmen sind Vertrauen, Partnerschaft, Zuverl\u00e4ssigkeit und Fairness Eckpfeiler unseres Handelns.<\/p>\n<p>Unsere Identit\u00e4t ist gepr\u00e4gt von einem klaren Fokus auf langfristige Kundenbindung sowie erstklassige, flexible und ma\u00dfgeschneiderte L\u00f6sungen f\u00fcr unsere Kunden.<\/p>\n\r\n                                            <div class=\"accordion-container\">\r\n                            <div class=\"accordion-part\">\r\n\r\n                                <div class=\"content-read\">\r\n                                    <p>OBECK produziert eine Vielzahl an PET und rPET-Verpackungen f\u00fcr verschiedene Anwendungen und zahlreiche passende Verschl\u00fcsse. F\u00fcr den gesamten Produktionsprozess, vom Rohmaterial bis zu den fertigen PET-Flaschen und -Dosen, kommen ausschlie\u00dflich einstufige Spritzstreckblasmaschinen zum Einsatz. Unsere Verschl\u00fcsse stellen wir mit Spritzgussmaschinen her.<\/p>\n<p>Unsere Produktion erstreckt sich \u00fcber eine Fl\u00e4che von 26.000 m\u00b2 und ist nach FSSC 22000 Produktionsstandards zertifiziert. Auf Anfrage bieten wir die M\u00f6glichkeit zur Produktion in unserem Reinraum der Klasse 7 gem\u00e4\u00df ISO 14644-1. Zus\u00e4tzlich verf\u00fcgen wir \u00fcber eigene, gro\u00dfz\u00fcgige und saubere Lagerkapazit\u00e4ten.<\/p>\n<p>Das von uns eingesetzte R\u00fcckverfolgungssystem liefert Ihnen Informationen \u00fcber Rohstoffe, Produktion, Palettierung und Lagerhaltung, unabh\u00e4ngig von Volumen und Standort.<\/p>\n<p>Ein weiterer unserer auf Anfrage erh\u00e4ltlichen Services ist das in-house Sleeving, welches Flaschen und Dosen einen unverwechselbaren letzten Schliff verleiht.<\/p>\n<p>Mit unserem kollektiven Wissen, unserer Erfahrung und unserem Marktverst\u00e4ndnis sind wir stets bestrebt, unsere Prozesse zu verbessern, um f\u00fcr zuk\u00fcnftige Herausforderungen gewappnet zu sein.<\/p>\n                                <\/div>\r\n\r\n\r\n                                <div class=\"toggle\">\r\n                                    <p class=\"read-more\">\r\n                                        Mehr anzeigen                                     <\/p>\r\n\r\n                                    <p class=\"read-less\">\r\n                                        weniger anzeigen <\/p>\r\n                                <\/div>\r\n\r\n                            <\/div>\r\n                        <\/div>\r\n                                    <\/div>\r\n\r\n            <\/div>\r\n        <\/div>\r\n    <\/div>\r\n<\/section>\n\n        <section id=\"background-image-links-block_af31f2ab38478978f218a3261dc0bc04\" class=\"background-image-links \">\r\n        <div class=\"container-fluid\">\r\n                        <div class=\"row\">\r\n                <div class=\"col-12\">\r\n                    <div class=\"links-container \">\r\n\r\n                        \r\n                                                            <a  href=\"https:\/\/obeck.higginsdevelopment.co.uk\/de\/know-how\/produktionsprozess\/\"   class=\"content \">\r\n                                                                            <picture>\r\n                                            <source media=\"(max-width: 350px)\" srcset=\"https:\/\/obeck.higginsdevelopment.co.uk\/wp-content\/uploads\/2023\/04\/HS2A8452-min-2-1024x810.jpg 1x\">\r\n                                            <source media=\"(max-width: 768px)\" srcset=\"https:\/\/obeck.higginsdevelopment.co.uk\/wp-content\/uploads\/2023\/04\/HS2A8452-min-2-1024x810.jpg 1x\">\r\n                                            <source media=\"(max-width: 1024px)\" srcset=\"https:\/\/obeck.higginsdevelopment.co.uk\/wp-content\/uploads\/2023\/04\/HS2A8452-min-2-1024x810.jpg 1x\">\r\n                                            <img decoding=\"async\" id=\"\" class=\"back-img\" src=\"https:\/\/obeck.higginsdevelopment.co.uk\/wp-content\/uploads\/2023\/04\/HS2A8452-min-2.jpg\" alt=\"Black Pill jars with a neck finish 38SP400 in the production of OBECK. \" \/>\r\n                                        <\/picture>\r\n                                                                        <div class=\"inner-content\">\r\n                                                                                <h2>Produktionsprozess<\/h2>\r\n                                                                            <\/div>\r\n                                <\/a>\r\n                            \r\n                        \r\n                                                            <a  href=\"https:\/\/obeck.higginsdevelopment.co.uk\/de\/know-how\/materialien\/\"   class=\"content \">\r\n                                                                            <picture>\r\n                                            <source media=\"(max-width: 350px)\" srcset=\"https:\/\/obeck.higginsdevelopment.co.uk\/wp-content\/uploads\/2023\/06\/OBECK_Produktion_MG_0523_Edit-1024x724.jpg 1x\">\r\n                                            <source media=\"(max-width: 768px)\" srcset=\"https:\/\/obeck.higginsdevelopment.co.uk\/wp-content\/uploads\/2023\/06\/OBECK_Produktion_MG_0523_Edit-1024x724.jpg 1x\">\r\n                                            <source media=\"(max-width: 1024px)\" srcset=\"https:\/\/obeck.higginsdevelopment.co.uk\/wp-content\/uploads\/2023\/06\/OBECK_Produktion_MG_0523_Edit-1024x724.jpg 1x\">\r\n                                            <img decoding=\"async\" id=\"\" class=\"back-img\" src=\"https:\/\/obeck.higginsdevelopment.co.uk\/wp-content\/uploads\/2023\/06\/OBECK_Produktion_MG_0523_Edit.jpg\" alt=\"Coloured Polypropylene, ready for production of our pp closures. \" \/>\r\n                                        <\/picture>\r\n                                                                        <div class=\"inner-content\">\r\n                                                                                <h2>Materialien<\/h2>\r\n                                                                            <\/div>\r\n                                <\/a>\r\n                            \r\n                        \r\n                                                            <a  href=\"https:\/\/obeck.higginsdevelopment.co.uk\/de\/know-how\/lager-logistik\/\"   class=\"content \">\r\n                                                                            <picture>\r\n                                            <source media=\"(max-width: 350px)\" srcset=\"https:\/\/obeck.higginsdevelopment.co.uk\/wp-content\/uploads\/2023\/06\/HS2A9045-1024x683.jpg 1x\">\r\n                                            <source media=\"(max-width: 768px)\" srcset=\"https:\/\/obeck.higginsdevelopment.co.uk\/wp-content\/uploads\/2023\/06\/HS2A9045-1024x683.jpg 1x\">\r\n                                            <source media=\"(max-width: 1024px)\" srcset=\"https:\/\/obeck.higginsdevelopment.co.uk\/wp-content\/uploads\/2023\/06\/HS2A9045-1024x683.jpg 1x\">\r\n                                            <img decoding=\"async\" id=\"\" class=\"back-img\" src=\"https:\/\/obeck.higginsdevelopment.co.uk\/wp-content\/uploads\/2023\/06\/HS2A9045.jpg\" alt=\"Clean logistic environment for food approved packaging material. \" \/>\r\n                                        <\/picture>\r\n                                                                        <div class=\"inner-content\">\r\n                                                                                <h2>Lager &#038; Logistik<\/h2>\r\n                                                                            <\/div>\r\n                                <\/a>\r\n                            \r\n                        \r\n                                                            <a  href=\"https:\/\/obeck.higginsdevelopment.co.uk\/de\/know-how\/werkzeugbau\/\"   class=\"content \">\r\n                                                                            <picture>\r\n                                            <source media=\"(max-width: 350px)\" srcset=\"https:\/\/obeck.higginsdevelopment.co.uk\/wp-content\/uploads\/2023\/06\/HS2A7424-1024x683.jpg 1x\">\r\n                                            <source media=\"(max-width: 768px)\" srcset=\"https:\/\/obeck.higginsdevelopment.co.uk\/wp-content\/uploads\/2023\/06\/HS2A7424-1024x683.jpg 1x\">\r\n                                            <source media=\"(max-width: 1024px)\" srcset=\"https:\/\/obeck.higginsdevelopment.co.uk\/wp-content\/uploads\/2023\/06\/HS2A7424-1024x683.jpg 1x\">\r\n                                            <img decoding=\"async\" id=\"\" class=\"back-img\" src=\"https:\/\/obeck.higginsdevelopment.co.uk\/wp-content\/uploads\/2023\/06\/HS2A7424.jpg\" alt=\"Toolshop, mould production by OBECK Verpackungen, F\u00f6ritztal, Germany. \" \/>\r\n                                        <\/picture>\r\n                                                                        <div class=\"inner-content\">\r\n                                                                                <h2>Werkzeugbau<\/h2>\r\n                                                                            <\/div>\r\n                                <\/a>\r\n                            \r\n                        \r\n                                                            <a  href=\"https:\/\/obeck.higginsdevelopment.co.uk\/de\/know-how\/reinraum\/\"   class=\"content \">\r\n                                                                            <picture>\r\n                                            <source media=\"(max-width: 350px)\" srcset=\"https:\/\/obeck.higginsdevelopment.co.uk\/wp-content\/uploads\/2023\/06\/HS2A9392-1024x683.jpg 1x\">\r\n                                            <source media=\"(max-width: 768px)\" srcset=\"https:\/\/obeck.higginsdevelopment.co.uk\/wp-content\/uploads\/2023\/06\/HS2A9392-1024x683.jpg 1x\">\r\n                                            <source media=\"(max-width: 1024px)\" srcset=\"https:\/\/obeck.higginsdevelopment.co.uk\/wp-content\/uploads\/2023\/06\/HS2A9392-1024x683.jpg 1x\">\r\n                                            <img decoding=\"async\" id=\"\" class=\"back-img\" src=\"https:\/\/obeck.higginsdevelopment.co.uk\/wp-content\/uploads\/2023\/06\/HS2A9392.jpg\" alt=\"Quality check of a Cylindrical jar with neck finish 70SP400. \" \/>\r\n                                        <\/picture>\r\n                                                                        <div class=\"inner-content\">\r\n                                                                                <h2>Reinraum<\/h2>\r\n                                                                            <\/div>\r\n                                <\/a>\r\n                            \r\n                        \r\n                                                            <a  href=\"https:\/\/obeck.higginsdevelopment.co.uk\/de\/know-how\/umweltbewusstsein\/\"   class=\"content \">\r\n                                                                            <picture>\r\n                                            <source media=\"(max-width: 350px)\" srcset=\"https:\/\/obeck.higginsdevelopment.co.uk\/wp-content\/uploads\/2023\/06\/shutterstock_2041183502-1024x576.jpg 1x\">\r\n                                            <source media=\"(max-width: 768px)\" srcset=\"https:\/\/obeck.higginsdevelopment.co.uk\/wp-content\/uploads\/2023\/06\/shutterstock_2041183502-1024x576.jpg 1x\">\r\n                                            <source media=\"(max-width: 1024px)\" srcset=\"https:\/\/obeck.higginsdevelopment.co.uk\/wp-content\/uploads\/2023\/06\/shutterstock_2041183502-1024x576.jpg 1x\">\r\n                                            <img decoding=\"async\" id=\"\" class=\"back-img\" src=\"https:\/\/obeck.higginsdevelopment.co.uk\/wp-content\/uploads\/2023\/06\/shutterstock_2041183502.jpg\" alt=\"\" \/>\r\n                                        <\/picture>\r\n                                                                        <div class=\"inner-content\">\r\n                                                                                <h2>Umweltbewusstsein<\/h2>\r\n                                                                            <\/div>\r\n                                <\/a>\r\n                            \r\n                        \r\n                    <\/div>\r\n                <\/div>\r\n            <\/div>\r\n        <\/div>\r\n    <\/section>\n\n","protected":false},"excerpt":{"rendered":"","protected":false},"author":1,"featured_media":0,"parent":0,"menu_order":0,"comment_status":"closed","ping_status":"closed","template":"","meta":{"_acf_changed":false,"footnotes":""},"class_list":["post-29807","page","type-page","status-publish","hentry"],"acf":[],"yoast_head":"<!-- This site is optimized with the Yoast SEO plugin v27.5 - https:\/\/yoast.com\/product\/yoast-seo-wordpress\/ -->\n<title>Know-how: Familienunternehmens Obeck.com<\/title>\n<meta name=\"description\" content=\"Hier finden Sie Informationen \u00fcber unsere Werkzeugbau, Produktionsprozess, Lager und Logistik, den Reinraum und Umweltbewusstsein\" \/>\n<meta name=\"robots\" content=\"noindex, follow, max-snippet:-1, max-image-preview:large, max-video-preview:-1\" \/>\n<meta property=\"og:locale\" content=\"de_DE\" \/>\n<meta property=\"og:type\" content=\"article\" \/>\n<meta property=\"og:title\" content=\"Know-how: Familienunternehmens Obeck.com\" \/>\n<meta property=\"og:description\" content=\"Hier finden Sie Informationen \u00fcber unsere Werkzeugbau, Produktionsprozess, Lager und Logistik, den Reinraum und Umweltbewusstsein\" \/>\n<meta property=\"og:url\" content=\"https:\/\/obeck.higginsdevelopment.co.uk\/de\/know-how\/\" \/>\n<meta property=\"og:site_name\" content=\"Obeck\" \/>\n<meta property=\"article:publisher\" content=\"https:\/\/www.facebook.com\/obeck.eu\" \/>\n<meta property=\"article:modified_time\" content=\"2024-04-29T11:49:56+00:00\" \/>\n<meta name=\"twitter:card\" content=\"summary_large_image\" \/>\n<script type=\"application\/ld+json\" class=\"yoast-schema-graph\">{\"@context\":\"https:\\\/\\\/schema.org\",\"@graph\":[{\"@type\":\"WebPage\",\"@id\":\"https:\\\/\\\/obeck.higginsdevelopment.co.uk\\\/de\\\/know-how\\\/\",\"url\":\"https:\\\/\\\/obeck.higginsdevelopment.co.uk\\\/de\\\/know-how\\\/\",\"name\":\"Know-how: Familienunternehmens Obeck.com\",\"isPartOf\":{\"@id\":\"https:\\\/\\\/obeck.higginsdevelopment.co.uk\\\/de\\\/#website\"},\"datePublished\":\"2023-06-21T14:38:16+00:00\",\"dateModified\":\"2024-04-29T11:49:56+00:00\",\"description\":\"Hier finden Sie Informationen \u00fcber unsere Werkzeugbau, Produktionsprozess, Lager und Logistik, den Reinraum und Umweltbewusstsein\",\"breadcrumb\":{\"@id\":\"https:\\\/\\\/obeck.higginsdevelopment.co.uk\\\/de\\\/know-how\\\/#breadcrumb\"},\"inLanguage\":\"de\",\"potentialAction\":[{\"@type\":\"ReadAction\",\"target\":[\"https:\\\/\\\/obeck.higginsdevelopment.co.uk\\\/de\\\/know-how\\\/\"]}]},{\"@type\":\"BreadcrumbList\",\"@id\":\"https:\\\/\\\/obeck.higginsdevelopment.co.uk\\\/de\\\/know-how\\\/#breadcrumb\",\"itemListElement\":[{\"@type\":\"ListItem\",\"position\":1,\"name\":\"Home\",\"item\":\"https:\\\/\\\/obeck.higginsdevelopment.co.uk\\\/de\\\/\"},{\"@type\":\"ListItem\",\"position\":2,\"name\":\"Know How\"}]},{\"@type\":\"WebSite\",\"@id\":\"https:\\\/\\\/obeck.higginsdevelopment.co.uk\\\/de\\\/#website\",\"url\":\"https:\\\/\\\/obeck.higginsdevelopment.co.uk\\\/de\\\/\",\"name\":\"Obeck\",\"description\":\"\",\"publisher\":{\"@id\":\"https:\\\/\\\/obeck.higginsdevelopment.co.uk\\\/de\\\/#organization\"},\"potentialAction\":[{\"@type\":\"SearchAction\",\"target\":{\"@type\":\"EntryPoint\",\"urlTemplate\":\"https:\\\/\\\/obeck.higginsdevelopment.co.uk\\\/de\\\/?s={search_term_string}\"},\"query-input\":{\"@type\":\"PropertyValueSpecification\",\"valueRequired\":true,\"valueName\":\"search_term_string\"}}],\"inLanguage\":\"de\"},{\"@type\":\"Organization\",\"@id\":\"https:\\\/\\\/obeck.higginsdevelopment.co.uk\\\/de\\\/#organization\",\"name\":\"OBECK Verpackungen\",\"alternateName\":\"OBECK\",\"url\":\"https:\\\/\\\/obeck.higginsdevelopment.co.uk\\\/de\\\/\",\"logo\":{\"@type\":\"ImageObject\",\"inLanguage\":\"de\",\"@id\":\"https:\\\/\\\/obeck.higginsdevelopment.co.uk\\\/de\\\/#\\\/schema\\\/logo\\\/image\\\/\",\"url\":\"https:\\\/\\\/obeck.higginsdevelopment.co.uk\\\/wp-content\\\/uploads\\\/2024\\\/04\\\/Obeck-logo-white-background-1.png\",\"contentUrl\":\"https:\\\/\\\/obeck.higginsdevelopment.co.uk\\\/wp-content\\\/uploads\\\/2024\\\/04\\\/Obeck-logo-white-background-1.png\",\"width\":363,\"height\":135,\"caption\":\"OBECK Verpackungen\"},\"image\":{\"@id\":\"https:\\\/\\\/obeck.higginsdevelopment.co.uk\\\/de\\\/#\\\/schema\\\/logo\\\/image\\\/\"},\"sameAs\":[\"https:\\\/\\\/www.facebook.com\\\/obeck.eu\",\"https:\\\/\\\/www.linkedin.com\\\/company\\\/obeck-verpackungen-gmbh\\\/\",\"https:\\\/\\\/www.instagram.com\\\/obeck_verpackungen\"]}]}<\/script>\n<!-- \/ Yoast SEO plugin. -->","yoast_head_json":{"title":"Know-how: Familienunternehmens Obeck.com","description":"Hier finden Sie Informationen \u00fcber unsere Werkzeugbau, Produktionsprozess, Lager und Logistik, den Reinraum und Umweltbewusstsein","robots":{"index":"noindex","follow":"follow","max-snippet":"max-snippet:-1","max-image-preview":"max-image-preview:large","max-video-preview":"max-video-preview:-1"},"og_locale":"de_DE","og_type":"article","og_title":"Know-how: Familienunternehmens Obeck.com","og_description":"Hier finden Sie Informationen \u00fcber unsere Werkzeugbau, Produktionsprozess, Lager und Logistik, den Reinraum und Umweltbewusstsein","og_url":"https:\/\/obeck.higginsdevelopment.co.uk\/de\/know-how\/","og_site_name":"Obeck","article_publisher":"https:\/\/www.facebook.com\/obeck.eu","article_modified_time":"2024-04-29T11:49:56+00:00","twitter_card":"summary_large_image","schema":{"@context":"https:\/\/schema.org","@graph":[{"@type":"WebPage","@id":"https:\/\/obeck.higginsdevelopment.co.uk\/de\/know-how\/","url":"https:\/\/obeck.higginsdevelopment.co.uk\/de\/know-how\/","name":"Know-how: Familienunternehmens Obeck.com","isPartOf":{"@id":"https:\/\/obeck.higginsdevelopment.co.uk\/de\/#website"},"datePublished":"2023-06-21T14:38:16+00:00","dateModified":"2024-04-29T11:49:56+00:00","description":"Hier finden Sie Informationen \u00fcber unsere Werkzeugbau, Produktionsprozess, Lager und Logistik, den Reinraum und Umweltbewusstsein","breadcrumb":{"@id":"https:\/\/obeck.higginsdevelopment.co.uk\/de\/know-how\/#breadcrumb"},"inLanguage":"de","potentialAction":[{"@type":"ReadAction","target":["https:\/\/obeck.higginsdevelopment.co.uk\/de\/know-how\/"]}]},{"@type":"BreadcrumbList","@id":"https:\/\/obeck.higginsdevelopment.co.uk\/de\/know-how\/#breadcrumb","itemListElement":[{"@type":"ListItem","position":1,"name":"Home","item":"https:\/\/obeck.higginsdevelopment.co.uk\/de\/"},{"@type":"ListItem","position":2,"name":"Know How"}]},{"@type":"WebSite","@id":"https:\/\/obeck.higginsdevelopment.co.uk\/de\/#website","url":"https:\/\/obeck.higginsdevelopment.co.uk\/de\/","name":"Obeck","description":"","publisher":{"@id":"https:\/\/obeck.higginsdevelopment.co.uk\/de\/#organization"},"potentialAction":[{"@type":"SearchAction","target":{"@type":"EntryPoint","urlTemplate":"https:\/\/obeck.higginsdevelopment.co.uk\/de\/?s={search_term_string}"},"query-input":{"@type":"PropertyValueSpecification","valueRequired":true,"valueName":"search_term_string"}}],"inLanguage":"de"},{"@type":"Organization","@id":"https:\/\/obeck.higginsdevelopment.co.uk\/de\/#organization","name":"OBECK Verpackungen","alternateName":"OBECK","url":"https:\/\/obeck.higginsdevelopment.co.uk\/de\/","logo":{"@type":"ImageObject","inLanguage":"de","@id":"https:\/\/obeck.higginsdevelopment.co.uk\/de\/#\/schema\/logo\/image\/","url":"https:\/\/obeck.higginsdevelopment.co.uk\/wp-content\/uploads\/2024\/04\/Obeck-logo-white-background-1.png","contentUrl":"https:\/\/obeck.higginsdevelopment.co.uk\/wp-content\/uploads\/2024\/04\/Obeck-logo-white-background-1.png","width":363,"height":135,"caption":"OBECK Verpackungen"},"image":{"@id":"https:\/\/obeck.higginsdevelopment.co.uk\/de\/#\/schema\/logo\/image\/"},"sameAs":["https:\/\/www.facebook.com\/obeck.eu","https:\/\/www.linkedin.com\/company\/obeck-verpackungen-gmbh\/","https:\/\/www.instagram.com\/obeck_verpackungen"]}]}},"_links":{"self":[{"href":"https:\/\/obeck.higginsdevelopment.co.uk\/de\/wp-json\/wp\/v2\/pages\/29807","targetHints":{"allow":["GET"]}}],"collection":[{"href":"https:\/\/obeck.higginsdevelopment.co.uk\/de\/wp-json\/wp\/v2\/pages"}],"about":[{"href":"https:\/\/obeck.higginsdevelopment.co.uk\/de\/wp-json\/wp\/v2\/types\/page"}],"author":[{"embeddable":true,"href":"https:\/\/obeck.higginsdevelopment.co.uk\/de\/wp-json\/wp\/v2\/users\/1"}],"replies":[{"embeddable":true,"href":"https:\/\/obeck.higginsdevelopment.co.uk\/de\/wp-json\/wp\/v2\/comments?post=29807"}],"version-history":[{"count":11,"href":"https:\/\/obeck.higginsdevelopment.co.uk\/de\/wp-json\/wp\/v2\/pages\/29807\/revisions"}],"predecessor-version":[{"id":33042,"href":"https:\/\/obeck.higginsdevelopment.co.uk\/de\/wp-json\/wp\/v2\/pages\/29807\/revisions\/33042"}],"wp:attachment":[{"href":"https:\/\/obeck.higginsdevelopment.co.uk\/de\/wp-json\/wp\/v2\/media?parent=29807"}],"curies":[{"name":"wp","href":"https:\/\/api.w.org\/{rel}","templated":true}]}}