{"id":34140,"date":"2024-04-23T07:34:22","date_gmt":"2024-04-23T07:34:22","guid":{"rendered":"https:\/\/obeck.higginsdevelopment.co.uk\/?page_id=34140"},"modified":"2024-07-04T14:13:11","modified_gmt":"2024-07-04T14:13:11","slug":"impressum","status":"publish","type":"page","link":"https:\/\/obeck.higginsdevelopment.co.uk\/de\/impressum\/","title":{"rendered":"Impressum"},"content":{"rendered":"\r\n<section id=\"header-with-description-block_5bcf40c919742f1a39d2c91f95c26cb0\" class=\"header-with-description remove-padding\">\r\n    <div class=\"container-fluid\">\r\n        <div class=\"row\">\r\n            <div class=\"col-lg-6\">\r\n                <h1>Impressum<\/h1>\r\n            <\/div>\r\n            <div class=\"col-lg-6\">\r\n\r\n                <div class=\"news-content\">\r\n\r\n                    \r\n                                    <\/div>\r\n\r\n            <\/div>\r\n        <\/div>\r\n    <\/div>\r\n<\/section>\n\n\r\n<section class=\"editor\" id=\"editor-block_0751be4670c2ba490d75afef33291551\">\r\n    <div class=\"container-fluid\">\r\n        <div class=\"row\">\r\n            <div class=\"col-12\">\r\n                <p><strong>OBECK VERPACKUNGEN GmbH<\/strong><br \/>\nSteinr\u00e4um 10<br \/>\n96524 F\u00f6ritztal<\/p>\n<p><strong>Contact<\/strong><\/p>\n<p>Telefon: (+49) 36 75 \/ 42 70 6 &#8211; 0<br \/>\nTelefax: \u00a0(+49) 36 75 \/ 42 70 6 &#8211; 27<\/p>\n<p>Email: \u00a0info@obeck.eu<\/p>\n<p><strong>Gesch\u00e4ftsf\u00fchrung<\/strong><\/p>\n<p>CEO: Andreas Obeck, Reinhard Obeck<\/p>\n<p><strong>SITZ der GESELLSCHAFT<\/strong><\/p>\n<p>D-96524 F\u00f6ritztal<\/p>\n<p><strong>REGISTERGERICHT<\/strong><\/p>\n<p>Registergericht: Amtsgericht Jena<br \/>\nRegisternummer: HRB 306847<\/p>\n<p><strong>Umsatzsteuer-Identifikationsnummer<\/strong><\/p>\n<p>DE 814 462 387<\/p>\n<p><strong>Haftungsausschluss<\/strong><\/p>\n<p>F\u00fcr fehlerhafte Tipps, Programme, HTML-Codes oder Skripte sowie f\u00fcr daraus entstehende Sch\u00e4den oder Datenverluste wird keinerlei Haftung \u00fcbernommen.<\/p>\n<p><strong>Rechtlicher Hinweis zu den Hyperlinks auf dieser Site:<\/strong><\/p>\n<p>Auf dieser Homepage sind an verschiedenen Stellen Links zu anderen Seiten im Internet gelegt. F\u00fcr all diese Links gilt: Wir m\u00f6chten ausdr\u00fccklich erkl\u00e4ren, dass wir keinerlei Einfluss auf die Gestaltung und die Inhalte der gelinkten Seiten haben und uns die Inhalte nicht zu eigen machen. Diese Erkl\u00e4rung gilt f\u00fcr alle auf unserer Homepage angebrachten Links. F\u00fcr den Umgang mit den bereitgestellten Informationen \u00fcbernehmen die Autoren dieser Seite keine Verantwortung.<\/p>\n<p>Als Inhaltsanbieter sind wir f\u00fcr eigene Inhalte auf diesen Seiten nach den allgemeinen Gesetzen verantwortlich. Von diesen eigenen Inhalten sind Querverweise auf die von anderen Anbietern bereitgehaltenen Inhalte zu unterscheiden. Durch den Querverweis halten wir insofern \u201efremde Inhalte\u201c zur Nutzung bereit, die wie folgt gekennzeichnet sind: F\u00fcr diese fremde Inhalte sind wir nur dann verantwortlich, wenn wir von ihnen (d.h. auch von einem rechtswidrigen bzw. strafbaren Inhalt) positive Kenntnis haben und es uns technisch m\u00f6glich und zumutbar ist, deren Nutzung zu verhindern (\u00a75 Abs.2 TDG)<\/p>\n<p>Bei \u201eLinks\u201c handelt es sich allerdings stets um \u201elebende\u201c Verweisungen. Bei der erstmaligen Verkn\u00fcpfung wurde der fremde Inhalt daraufhin \u00fcberpr\u00fcft, ob durch ihn eine m\u00f6gliche zivilrechtliche oder strafrechtliche Verantwortlichkeit ausgel\u00f6st wird.<\/p>\n<p>Nach dem Medien-dienstegesetz (TDG) sind wir nicht dazu verpflichtet, die verkn\u00fcpften Inhalte st\u00e4ndig auf Ver\u00e4nderungen zu \u00fcberpr\u00fcfen, die eine Verantwortlichkeit neu begr\u00fcnden k\u00f6nnten. Erst wenn wir selbst feststellen oder von anderen darauf aufmerksam gemacht werden, dass ein konkretes Angebot, zu dem wir einen Link bereitgestellt haben, eine zivil- oder strafrechtliche Verantwortlichkeit ausl\u00f6st, werden wir den Hinweis auf dieses Angebot unverz\u00fcglich aufheben, soweit mir dies technisch m\u00f6glich und zumutbar ist. Die technische M\u00f6glichkeit und Zumutbarkeit wird dadurch nicht ber\u00fchrt, dass auch nach der Entfernung des Links von dieser Seite von anderen Servern aus der Zugriff auf das rechtswidrige oder strafbare Angebot m\u00f6glich ist.<\/p>\n<p><strong>Copyright<\/strong><\/p>\n<p><strong>\u00a0<\/strong>Copyright \u00a92024 OBECK VERPACKUNGEN GmbH.<\/p>\n            <\/div>\r\n        <\/div>\r\n    <\/div>\r\n<\/section>","protected":false},"excerpt":{"rendered":"","protected":false},"author":1,"featured_media":0,"parent":0,"menu_order":0,"comment_status":"closed","ping_status":"closed","template":"","meta":{"_acf_changed":false,"footnotes":""},"class_list":["post-34140","page","type-page","status-publish","hentry"],"acf":[],"yoast_head":"<!-- This site is optimized with the Yoast SEO plugin v27.5 - https:\/\/yoast.com\/product\/yoast-seo-wordpress\/ -->\n<title>Impressum - Obeck<\/title>\n<meta name=\"robots\" content=\"noindex, follow, max-snippet:-1, max-image-preview:large, max-video-preview:-1\" \/>\n<meta property=\"og:locale\" content=\"de_DE\" \/>\n<meta property=\"og:type\" content=\"article\" \/>\n<meta property=\"og:title\" content=\"Impressum - Obeck\" \/>\n<meta property=\"og:url\" content=\"https:\/\/obeck.higginsdevelopment.co.uk\/de\/impressum\/\" \/>\n<meta property=\"og:site_name\" content=\"Obeck\" \/>\n<meta property=\"article:publisher\" content=\"https:\/\/www.facebook.com\/obeck.eu\" \/>\n<meta property=\"article:modified_time\" content=\"2024-07-04T14:13:11+00:00\" \/>\n<meta name=\"twitter:card\" content=\"summary_large_image\" \/>\n<script type=\"application\/ld+json\" class=\"yoast-schema-graph\">{\"@context\":\"https:\\\/\\\/schema.org\",\"@graph\":[{\"@type\":\"WebPage\",\"@id\":\"https:\\\/\\\/obeck.higginsdevelopment.co.uk\\\/de\\\/impressum\\\/\",\"url\":\"https:\\\/\\\/obeck.higginsdevelopment.co.uk\\\/de\\\/impressum\\\/\",\"name\":\"Impressum - Obeck\",\"isPartOf\":{\"@id\":\"https:\\\/\\\/obeck.higginsdevelopment.co.uk\\\/de\\\/#website\"},\"datePublished\":\"2024-04-23T07:34:22+00:00\",\"dateModified\":\"2024-07-04T14:13:11+00:00\",\"breadcrumb\":{\"@id\":\"https:\\\/\\\/obeck.higginsdevelopment.co.uk\\\/de\\\/impressum\\\/#breadcrumb\"},\"inLanguage\":\"de\",\"potentialAction\":[{\"@type\":\"ReadAction\",\"target\":[\"https:\\\/\\\/obeck.higginsdevelopment.co.uk\\\/de\\\/impressum\\\/\"]}]},{\"@type\":\"BreadcrumbList\",\"@id\":\"https:\\\/\\\/obeck.higginsdevelopment.co.uk\\\/de\\\/impressum\\\/#breadcrumb\",\"itemListElement\":[{\"@type\":\"ListItem\",\"position\":1,\"name\":\"Home\",\"item\":\"https:\\\/\\\/obeck.higginsdevelopment.co.uk\\\/de\\\/\"},{\"@type\":\"ListItem\",\"position\":2,\"name\":\"Impressum\"}]},{\"@type\":\"WebSite\",\"@id\":\"https:\\\/\\\/obeck.higginsdevelopment.co.uk\\\/de\\\/#website\",\"url\":\"https:\\\/\\\/obeck.higginsdevelopment.co.uk\\\/de\\\/\",\"name\":\"Obeck\",\"description\":\"\",\"publisher\":{\"@id\":\"https:\\\/\\\/obeck.higginsdevelopment.co.uk\\\/de\\\/#organization\"},\"potentialAction\":[{\"@type\":\"SearchAction\",\"target\":{\"@type\":\"EntryPoint\",\"urlTemplate\":\"https:\\\/\\\/obeck.higginsdevelopment.co.uk\\\/de\\\/?s={search_term_string}\"},\"query-input\":{\"@type\":\"PropertyValueSpecification\",\"valueRequired\":true,\"valueName\":\"search_term_string\"}}],\"inLanguage\":\"de\"},{\"@type\":\"Organization\",\"@id\":\"https:\\\/\\\/obeck.higginsdevelopment.co.uk\\\/de\\\/#organization\",\"name\":\"OBECK Verpackungen\",\"alternateName\":\"OBECK\",\"url\":\"https:\\\/\\\/obeck.higginsdevelopment.co.uk\\\/de\\\/\",\"logo\":{\"@type\":\"ImageObject\",\"inLanguage\":\"de\",\"@id\":\"https:\\\/\\\/obeck.higginsdevelopment.co.uk\\\/de\\\/#\\\/schema\\\/logo\\\/image\\\/\",\"url\":\"https:\\\/\\\/obeck.higginsdevelopment.co.uk\\\/wp-content\\\/uploads\\\/2024\\\/04\\\/Obeck-logo-white-background-1.png\",\"contentUrl\":\"https:\\\/\\\/obeck.higginsdevelopment.co.uk\\\/wp-content\\\/uploads\\\/2024\\\/04\\\/Obeck-logo-white-background-1.png\",\"width\":363,\"height\":135,\"caption\":\"OBECK Verpackungen\"},\"image\":{\"@id\":\"https:\\\/\\\/obeck.higginsdevelopment.co.uk\\\/de\\\/#\\\/schema\\\/logo\\\/image\\\/\"},\"sameAs\":[\"https:\\\/\\\/www.facebook.com\\\/obeck.eu\",\"https:\\\/\\\/www.linkedin.com\\\/company\\\/obeck-verpackungen-gmbh\\\/\",\"https:\\\/\\\/www.instagram.com\\\/obeck_verpackungen\"]}]}<\/script>\n<!-- \/ Yoast SEO plugin. -->","yoast_head_json":{"title":"Impressum - Obeck","robots":{"index":"noindex","follow":"follow","max-snippet":"max-snippet:-1","max-image-preview":"max-image-preview:large","max-video-preview":"max-video-preview:-1"},"og_locale":"de_DE","og_type":"article","og_title":"Impressum - Obeck","og_url":"https:\/\/obeck.higginsdevelopment.co.uk\/de\/impressum\/","og_site_name":"Obeck","article_publisher":"https:\/\/www.facebook.com\/obeck.eu","article_modified_time":"2024-07-04T14:13:11+00:00","twitter_card":"summary_large_image","schema":{"@context":"https:\/\/schema.org","@graph":[{"@type":"WebPage","@id":"https:\/\/obeck.higginsdevelopment.co.uk\/de\/impressum\/","url":"https:\/\/obeck.higginsdevelopment.co.uk\/de\/impressum\/","name":"Impressum - Obeck","isPartOf":{"@id":"https:\/\/obeck.higginsdevelopment.co.uk\/de\/#website"},"datePublished":"2024-04-23T07:34:22+00:00","dateModified":"2024-07-04T14:13:11+00:00","breadcrumb":{"@id":"https:\/\/obeck.higginsdevelopment.co.uk\/de\/impressum\/#breadcrumb"},"inLanguage":"de","potentialAction":[{"@type":"ReadAction","target":["https:\/\/obeck.higginsdevelopment.co.uk\/de\/impressum\/"]}]},{"@type":"BreadcrumbList","@id":"https:\/\/obeck.higginsdevelopment.co.uk\/de\/impressum\/#breadcrumb","itemListElement":[{"@type":"ListItem","position":1,"name":"Home","item":"https:\/\/obeck.higginsdevelopment.co.uk\/de\/"},{"@type":"ListItem","position":2,"name":"Impressum"}]},{"@type":"WebSite","@id":"https:\/\/obeck.higginsdevelopment.co.uk\/de\/#website","url":"https:\/\/obeck.higginsdevelopment.co.uk\/de\/","name":"Obeck","description":"","publisher":{"@id":"https:\/\/obeck.higginsdevelopment.co.uk\/de\/#organization"},"potentialAction":[{"@type":"SearchAction","target":{"@type":"EntryPoint","urlTemplate":"https:\/\/obeck.higginsdevelopment.co.uk\/de\/?s={search_term_string}"},"query-input":{"@type":"PropertyValueSpecification","valueRequired":true,"valueName":"search_term_string"}}],"inLanguage":"de"},{"@type":"Organization","@id":"https:\/\/obeck.higginsdevelopment.co.uk\/de\/#organization","name":"OBECK Verpackungen","alternateName":"OBECK","url":"https:\/\/obeck.higginsdevelopment.co.uk\/de\/","logo":{"@type":"ImageObject","inLanguage":"de","@id":"https:\/\/obeck.higginsdevelopment.co.uk\/de\/#\/schema\/logo\/image\/","url":"https:\/\/obeck.higginsdevelopment.co.uk\/wp-content\/uploads\/2024\/04\/Obeck-logo-white-background-1.png","contentUrl":"https:\/\/obeck.higginsdevelopment.co.uk\/wp-content\/uploads\/2024\/04\/Obeck-logo-white-background-1.png","width":363,"height":135,"caption":"OBECK Verpackungen"},"image":{"@id":"https:\/\/obeck.higginsdevelopment.co.uk\/de\/#\/schema\/logo\/image\/"},"sameAs":["https:\/\/www.facebook.com\/obeck.eu","https:\/\/www.linkedin.com\/company\/obeck-verpackungen-gmbh\/","https:\/\/www.instagram.com\/obeck_verpackungen"]}]}},"_links":{"self":[{"href":"https:\/\/obeck.higginsdevelopment.co.uk\/de\/wp-json\/wp\/v2\/pages\/34140","targetHints":{"allow":["GET"]}}],"collection":[{"href":"https:\/\/obeck.higginsdevelopment.co.uk\/de\/wp-json\/wp\/v2\/pages"}],"about":[{"href":"https:\/\/obeck.higginsdevelopment.co.uk\/de\/wp-json\/wp\/v2\/types\/page"}],"author":[{"embeddable":true,"href":"https:\/\/obeck.higginsdevelopment.co.uk\/de\/wp-json\/wp\/v2\/users\/1"}],"replies":[{"embeddable":true,"href":"https:\/\/obeck.higginsdevelopment.co.uk\/de\/wp-json\/wp\/v2\/comments?post=34140"}],"version-history":[{"count":3,"href":"https:\/\/obeck.higginsdevelopment.co.uk\/de\/wp-json\/wp\/v2\/pages\/34140\/revisions"}],"predecessor-version":[{"id":37685,"href":"https:\/\/obeck.higginsdevelopment.co.uk\/de\/wp-json\/wp\/v2\/pages\/34140\/revisions\/37685"}],"wp:attachment":[{"href":"https:\/\/obeck.higginsdevelopment.co.uk\/de\/wp-json\/wp\/v2\/media?parent=34140"}],"curies":[{"name":"wp","href":"https:\/\/api.w.org\/{rel}","templated":true}]}}