{"id":37856,"date":"2023-03-21T15:09:40","date_gmt":"2023-03-21T15:09:40","guid":{"rendered":"https:\/\/obeck.higginsdevelopment.co.uk\/karriere\/"},"modified":"2026-02-10T08:23:27","modified_gmt":"2026-02-10T08:23:27","slug":"karriere","status":"publish","type":"page","link":"https:\/\/obeck.higginsdevelopment.co.uk\/de\/karriere\/","title":{"rendered":"Karriere"},"content":{"rendered":"\r\n<section class=\"fixed-hero-block\" id=\"fixed-hero-block-block_e2c3c188494f7b8c08a36bb7f7a0a751\">\r\n\t<div class=\"fixed-wrapper\">\r\n\r\n\r\n\t\t<div class=\"relative-wrapper\">\r\n\t\t\t\t\t\t\t<div class=\"background\">\r\n\t\t\t\t\t<picture>\r\n\t\t\t\t\t\t<source media=\"(max-width: 350px)\" srcset=\"https:\/\/obeck.higginsdevelopment.co.uk\/wp-content\/uploads\/2024\/09\/HS2A2143_2-scaled.jpg 1x\">\r\n\t\t\t\t\t\t<source media=\"(max-width: 768px)\" srcset=\"https:\/\/obeck.higginsdevelopment.co.uk\/wp-content\/uploads\/2024\/09\/HS2A2143_2-scaled.jpg 1x\">\r\n\t\t\t\t\t\t<source media=\"(max-width: 1024px)\" srcset=\"https:\/\/obeck.higginsdevelopment.co.uk\/wp-content\/uploads\/2024\/09\/HS2A2143_2-scaled.jpg 1x\">\r\n\t\t\t\t\t\t<img decoding=\"async\" id=\"\" class=\"\" src=\"https:\/\/obeck.higginsdevelopment.co.uk\/wp-content\/uploads\/2024\/09\/HS2A2143_2-scaled.jpg\" alt=\"\" \/>\r\n\t\t\t\t\t<\/picture>\r\n\t\t\t\t<\/div>\r\n\t\t\t\r\n\t\t\t<div class=\"content-wrapper\">\r\n\r\n\r\n\t\t\t\t\t\t\t\t\t<div class=\"overlay\">\r\n\t\t\t\t\t<\/div>\r\n\t\t\t\t\t\t\t\t<div class=\"container-fluid\">\r\n\t\t\t\t\t<div class=\"row\">\r\n\t\t\t\t\t\t<div class=\"col\">\r\n\t\t\t\t\t\t\t<div class=\"content\">\r\n\t\t\t\t\t\t\t\t\t\t\t\t\t\t\t\t\t<h1 class=\"heading\">Verpackungen f\u00fcr alles. Jobs f\u00fcr euch!<\/h1>\r\n\t\t\t\t\t\t\t\t\r\n\t\t\t\t\t\t\t\t\t\t\t\t\t\t\t\t\t<a class=\"button button-filled\" href=\"https:\/\/obeck.higginsdevelopment.co.uk\/en\/careers\/all-jobs\/\">\r\n\t\t\t\t\t\t\t\t\t\tOffene Stellen entdecken\t\t\t\t\t\t\t\t\t<\/a>\r\n\t\t\t\t\t\t\t\t\r\n\t\t\t\t\t\t\t\t<div class=\"scroll-indicator\"><\/div>\r\n\t\t\t\t\t\t\t<\/div>\r\n\t\t\t\t\t\t<\/div>\r\n\t\t\t\t\t<\/div>\r\n\t\t\t\t<\/div>\r\n\t\t\t<\/div>\r\n\t\t<\/div>\r\n\t<\/div>\r\n<\/section>\n\n<section id=\"fixed-header-content-block_6c9a6704d360ac6a426a0c5feac27f9f\" class=\"fixed-header-content\">\r\n    <div class=\"fixed-header-content-outer\">\r\n        <!-- Header -->\r\n        <div class=\"container-fluid\">\r\n            <div class=\"row\">\r\n                <div class=\"col-lg-12 col-xl-8 \">\r\n                    <div class=\"content-header\">\r\n                                            <\/div>\r\n\r\n                    <div class=\"content-header-secondary\">\r\n                        <p>Hier bei Obeck arbeiten wir besonders f\u00fcr zwei Dinge: Erfolg, von dem alle etwas haben und eine Zukunft voller M\u00f6glichkeiten. Wir freuen uns, wenn du dabei bist.<\/p>\n                    <\/div>\r\n                <\/div>\r\n            <\/div>\r\n            <!-- Paragraphs -->\r\n            <div class=\"row para-row\">\r\n                                    <div class=\"col-lg-12 col-xl-4\">\r\n                        <div class=\"content-para-2\">\r\n                            <p>Obeck Verpackungen in F\u00f6ritztal\/Sonneberg ist ein f\u00fchrendes Unternehmen der Verpackungsindustrie, mit allen Vorteilen eines Familienbetriebs. Hier produzieren wir die PET-Verpackungen und Verschl\u00fcsse, die gro\u00dfe Marken, Handelsketten und deren Kunden weltweit wollen. Nachhaltig und in h\u00f6chster Qualit\u00e4t.<\/p>\n                        <\/div>\r\n                    <\/div>\r\n                                                    <div class=\"col-lg-12 col-xl-4 \">\r\n                        <div class=\"content-para-2\">\r\n                            <p>Wir haben viele gute Jobs und er\u00f6ffnen tolle Karrierechancen, weil wir mit vielen guten Leuten nachhaltig wachsen. So bieten wir sichere und attraktive Arbeitspl\u00e4tze f\u00fcr Fachkr\u00e4fte ebenso wie f\u00fcr Quereinsteiger, f\u00fcr Mitarbeiter mit und ohne Berufserfahrung, f\u00fcr Auszubildende und Praktikanten, in der Produktion, in Lager und Logistik, Verwaltung und Geb\u00e4udeservice.<\/p>\n                        <\/div>\r\n                    <\/div>\r\n                            <\/div>\r\n\r\n\r\n            <!-- Blocks -->\r\n            <div class=\"row padded-row\">\r\n\r\n                                    <div class=\"col-lg-4\">\r\n                        <div class=\"content-block-outer\">\r\n                            <div class=\"content-block\">\r\n                                <div>\r\n                                    <h2>\r\n                                        Alle Jobs bei Obeck                                    <\/h2>\r\n                                    <p>\r\n                                        <p>\u00dcber 220 Besch\u00e4ftigte in \u00fcber 20 Berufsbildern arbeiten schon bei Obeck Verpackungen. Hier bekommst du den aktuellen \u00dcberblick \u00fcber alle freien Stellen bei Obeck:<\/p>\n                                    <\/p>\r\n                                <\/div>\r\n                                <a href=\"\/de\/karriere\/alle-jobs\/\" target=\"\" class=\"button-rounded-transparent\">\r\n                                    Mehr erfahren                                <\/a>\r\n                            <\/div>\r\n                        <\/div>\r\n                    <\/div>\r\n\r\n                                    <div class=\"col-lg-4\">\r\n                        <div class=\"content-block-outer\">\r\n                            <div class=\"content-block\">\r\n                                <div>\r\n                                    <h2>\r\n                                        Ausbildung, die Zukunft hat                                    <\/h2>\r\n                                    <p>\r\n                                        <p>Wir bilden aus, um zu \u00fcbernehmen und das in neun verschiedenen Ausbildungsberufen. Bestimmt ist auch f\u00fcr dich der richtige Job dabei!<\/p>\n                                    <\/p>\r\n                                <\/div>\r\n                                <a href=\"\/de\/karriere\/ausbildung\/\" target=\"\" class=\"button-rounded-transparent\">\r\n                                    Mehr erfahren                                <\/a>\r\n                            <\/div>\r\n                        <\/div>\r\n                    <\/div>\r\n\r\n                                    <div class=\"col-lg-4\">\r\n                        <div class=\"content-block-outer\">\r\n                            <div class=\"content-block\">\r\n                                <div>\r\n                                    <h2>\r\n                                        Ferienjobs und Praktika f\u00fcr Sch\u00fcler und Studenten                                    <\/h2>\r\n                                    <p>\r\n                                        <p>Du m\u00f6chtest Praxiserfahrung sammeln, dich beruflich orientieren, ein Sch\u00fclerpraktikum machen oder einfach einen guten Ferienjob haben? Dann bewirb dich bei Obeck!<\/p>\n                                    <\/p>\r\n                                <\/div>\r\n                                <a href=\"\/de\/karriere\/praktika-ferienjobs\/\" target=\"\" class=\"button-rounded-transparent\">\r\n                                    Mehr erfahren                                <\/a>\r\n                            <\/div>\r\n                        <\/div>\r\n                    <\/div>\r\n\r\n                \r\n            <\/div>\r\n            <div class=\"row padded-row\">\r\n\r\n                \r\n            <\/div>\r\n        <\/div>\r\n\r\n\r\n        <div class=\"container-fluid careers-cap-config-banner\">\r\n            <div class=\"row\">\r\n                <div class=\"col-12\">\r\n                    <div class=\"outer\" style=\" background: #c0cbd9\">\r\n\r\n\r\n                        <div class=\"cc-banner\" data-track-content=\"\" data-content-name=\"Fixed Header Banner Ad\" data-content-piece=\"Jobs in Lager und Produktion\" data-content-target=\"https:\/\/obeck.higginsdevelopment.co.uk\/en\/cap-configurator\/\">\r\n\r\n                            <div class=\"info\">\r\n\r\n\r\n                                <h3 class=\"title\" style=\" color: #475773\">\r\n                                    Jobs in Lager und Produktion                                <\/h3>\r\n\r\n                                <div class=\"description\">\r\n                                    <p>Zwei Bereiche, viele tolle M\u00f6glichkeiten! Finde deinen Platz in unserem Team und finde den Job, der zu dir passt!<\/p>\n<p>F\u00fcr unsere <strong>Produktion<\/strong> suchen wir Verfahrensmechaniker in versetzter Tagschicht, sowie Maschinen- und Anlagenf\u00fchrer und Produktionshelfer im 3-Schicht-Betrieb.<\/p>\n<p>F\u00fcr unser <strong>Lager<\/strong> suchen wir Staplerfahrer im 3-Schicht-Betrieb.<\/p>\n<p>&nbsp;<\/p>\n                                <\/div>\r\n\r\n\r\n\r\n\r\n                                                                    <a style=\" border-color: #475773; color: #475773;\" class=\"button button-rounded-transparent\" href=\"https:\/\/obeck.higginsdevelopment.co.uk\/de\/karriere\/alle-jobs\/produktion\/\" target=\"_self\">Zu den Jobs in der Produktion<\/a>\r\n\r\n                                \r\n\r\n                                                                    <a style=\" border-color: #475773; color: #475773;\" class=\"button button-rounded-transparent\" href=\"https:\/\/obeck.higginsdevelopment.co.uk\/de\/karriere\/alle-jobs\/lager\/\" target=\"_self\">Zu den Jobs im Lager<\/a>\r\n\r\n                                \r\n\r\n\r\n\r\n\r\n\r\n                            <\/div>\r\n                        <\/div>\r\n                        <div class=\"cc-banner\">\r\n\r\n                            <div class=\"banner-image\">\r\n\r\n                                                                <div class=\"image\">\r\n                                    <picture>\r\n                                        <source media=\"(max-width: 350px)\" srcset=\"https:\/\/obeck.higginsdevelopment.co.uk\/wp-content\/uploads\/2024\/09\/Fluid_Spiral_Layout2_ProductionWarehouse-e1726040496885-1-1024x412.png 1x\">\r\n                                        <source media=\"(max-width: 768px)\" srcset=\"https:\/\/obeck.higginsdevelopment.co.uk\/wp-content\/uploads\/2024\/09\/Fluid_Spiral_Layout2_ProductionWarehouse-e1726040496885-1-1024x412.png 1x\">\r\n                                        <source media=\"(max-width: 1024px)\" srcset=\"https:\/\/obeck.higginsdevelopment.co.uk\/wp-content\/uploads\/2024\/09\/Fluid_Spiral_Layout2_ProductionWarehouse-e1726040496885-1-1024x412.png 1x\">\r\n                                        <img decoding=\"async\" id=\"\" class=\"\" src=\"https:\/\/obeck.higginsdevelopment.co.uk\/wp-content\/uploads\/2024\/09\/Fluid_Spiral_Layout2_ProductionWarehouse-e1726040496885-1.png\" alt=\"\" \/>\r\n                                    <\/picture>\r\n                                <\/div>\r\n\r\n                            <\/div>\r\n                        <\/div>\r\n\r\n                    <\/div>\r\n                <\/div>\r\n            <\/div>\r\n        <\/div>\r\n\r\n\r\n\r\n    <\/div>\r\n<\/section>\n\n\r\n<section class=\"employee-benefits-banner\" id=\"employee-benefits-banner-block_c2bdaeb3cbc95eccc6c165eaf0767fa2\">\r\n    <div class=\"container-fluid\">\r\n        <div class=\"row\">\r\n            <div class=\"col-12\">\r\n                <div class=\"inner\">\r\n\r\n\r\n                    <div class=\"image\">\r\n                        <picture>\r\n                            <source media=\"(max-width: 350px)\" srcset=\"https:\/\/obeck.higginsdevelopment.co.uk\/wp-content\/uploads\/2024\/09\/benefit_icons_45-1024x542.png 1x\">\r\n                            <source media=\"(max-width: 768px)\" srcset=\"https:\/\/obeck.higginsdevelopment.co.uk\/wp-content\/uploads\/2024\/09\/benefit_icons_45-1024x542.png 1x\">\r\n                            <source media=\"(max-width: 1024px)\" srcset=\"https:\/\/obeck.higginsdevelopment.co.uk\/wp-content\/uploads\/2024\/09\/benefit_icons_45-1024x542.png 1x\">\r\n                            <img decoding=\"async\" id=\"\" class=\"\" src=\"https:\/\/obeck.higginsdevelopment.co.uk\/wp-content\/uploads\/2024\/09\/benefit_icons_45.png\" alt=\"\" \/>\r\n                        <\/picture>\r\n                    <\/div>\r\n                    <div class=\"content\">\r\n                        <h3 class=\"header\">\r\n                            Entdecke unsere vielf\u00e4ltigen Mitarbeiter-Benefits!                        <\/h3>\r\n\r\n                        <div class=\"description\">\r\n                            <p>Mit modernster Technik schonen wir nicht nur die Umwelt, sondern unterst\u00fctzen auch unsere Belegschaft. Durch nachhaltiges Wachstum bieten wir besondere Zulagen, Sozialleistungen und viele weitere Vorteile. Schau vorbei und finde heraus, warum sich ein Wechsel zu Obeck lohnt!<\/p>\n                        <\/div>\r\n\r\n                        <div class=\"link\">\r\n                                                            <a class=\"button button-rounded-transparent\" href=\"\/de\/karriere\/mitarbeiter-benefits\/\" target=\"_self\">Hier klicken f\u00fcr Details<\/a>\r\n                                                    <\/div>\r\n\r\n                    <\/div>\r\n                <\/div>\r\n            <\/div>\r\n        <\/div>\r\n    <\/div>\r\n<\/section>\n\n<section id=\"employee-contact\" class=\"employee-contact\" style=\"border-color: \">\r\n\r\n\r\n    <div class=\"container-fluid\">\r\n        <div class=\"row\">\r\n            <div class=\"col-lg-7 contact-details\">\r\n\r\n\r\n                <div class=\"title\">\r\n                    Passenden Job gefunden? Oder noch Fragen? Unsere Personalreferentin Katrin Malchow freut sich darauf, von dir zu h\u00f6ren!                <\/div>\r\n\r\n                <div>\r\n                    <div class=\"email\">\r\n                        E-mail: <a href=\"mailto:jobs@obeck.eu\">jobs@obeck.eu<\/a>\r\n                    <\/div>\r\n\r\n                    <div class=\"phone\">\r\n                        Telefonnr.: <a href=\"tel:+49 (0) 3675 42706 \u2013 313\">+49 (0) 3675 42706 \u2013 313<\/a>\r\n                    <\/div>\r\n                <\/div>\r\n            <\/div>\r\n            <div class=\"col-xl-4 offset-xl-1 col-lg-5 offset-lg-0\">\r\n\r\n                <picture>\r\n                    <source media=\"(max-width: 350px)\" srcset=\"https:\/\/obeck.higginsdevelopment.co.uk\/wp-content\/uploads\/2024\/07\/OBECK_20170330_MG_1107-WordPress-1024x683.jpg 1x\">\r\n                    <source media=\"(max-width: 768px)\" srcset=\"https:\/\/obeck.higginsdevelopment.co.uk\/wp-content\/uploads\/2024\/07\/OBECK_20170330_MG_1107-WordPress-1024x683.jpg 1x\">\r\n                    <source media=\"(max-width: 1024px)\" srcset=\"https:\/\/obeck.higginsdevelopment.co.uk\/wp-content\/uploads\/2024\/07\/OBECK_20170330_MG_1107-WordPress-1024x683.jpg 1x\">\r\n                    <img decoding=\"async\" id=\"\" class=\"\" src=\"https:\/\/obeck.higginsdevelopment.co.uk\/wp-content\/uploads\/2024\/07\/OBECK_20170330_MG_1107-WordPress.jpg\" alt=\"\" \/>\r\n                <\/picture>\r\n            <\/div>\r\n        <\/div>\r\n    <\/div>\r\n\r\n\r\n<\/section>","protected":false},"excerpt":{"rendered":"","protected":false},"author":1,"featured_media":0,"parent":0,"menu_order":0,"comment_status":"closed","ping_status":"closed","template":"","meta":{"_acf_changed":false,"footnotes":""},"class_list":["post-37856","page","type-page","status-publish","hentry"],"acf":[],"yoast_head":"<!-- This site is optimized with the Yoast SEO plugin v27.5 - https:\/\/yoast.com\/product\/yoast-seo-wordpress\/ -->\n<title>Sichere Jobs bei Obeck in F\u00f6ritztal\/Sonneberg<\/title>\n<meta name=\"description\" content=\"Sichere Jobs f\u00fcr Fachkr\u00e4fte &amp; Quereinsteiger \u00b7 Obeck: Produktion von PET-Verpackungen &amp; Verschl\u00fcssen \u00b7 Finde deinen Platz bei uns &amp; sichere dir tolle Benefits!\" \/>\n<meta name=\"robots\" content=\"noindex, follow, max-snippet:-1, max-image-preview:large, max-video-preview:-1\" \/>\n<meta property=\"og:locale\" content=\"de_DE\" \/>\n<meta property=\"og:type\" content=\"article\" \/>\n<meta property=\"og:title\" content=\"Sichere Jobs bei Obeck in F\u00f6ritztal\/Sonneberg\" \/>\n<meta property=\"og:description\" content=\"Sichere Jobs f\u00fcr Fachkr\u00e4fte &amp; Quereinsteiger \u00b7 Obeck: Produktion von PET-Verpackungen &amp; Verschl\u00fcssen \u00b7 Finde deinen Platz bei uns &amp; sichere dir tolle Benefits!\" \/>\n<meta property=\"og:url\" content=\"https:\/\/obeck.higginsdevelopment.co.uk\/de\/karriere\/\" \/>\n<meta property=\"og:site_name\" content=\"Obeck\" \/>\n<meta property=\"article:publisher\" content=\"https:\/\/www.facebook.com\/obeck.eu\" \/>\n<meta property=\"article:modified_time\" content=\"2026-02-10T08:23:27+00:00\" \/>\n<meta name=\"twitter:card\" content=\"summary_large_image\" \/>\n<script type=\"application\/ld+json\" class=\"yoast-schema-graph\">{\"@context\":\"https:\\\/\\\/schema.org\",\"@graph\":[{\"@type\":\"WebPage\",\"@id\":\"https:\\\/\\\/obeck.higginsdevelopment.co.uk\\\/de\\\/karriere\\\/\",\"url\":\"https:\\\/\\\/obeck.higginsdevelopment.co.uk\\\/de\\\/karriere\\\/\",\"name\":\"Sichere Jobs bei Obeck in F\u00f6ritztal\\\/Sonneberg\",\"isPartOf\":{\"@id\":\"https:\\\/\\\/obeck.higginsdevelopment.co.uk\\\/de\\\/#website\"},\"datePublished\":\"2023-03-21T15:09:40+00:00\",\"dateModified\":\"2026-02-10T08:23:27+00:00\",\"description\":\"Sichere Jobs f\u00fcr Fachkr\u00e4fte & Quereinsteiger \u00b7 Obeck: Produktion von PET-Verpackungen & Verschl\u00fcssen \u00b7 Finde deinen Platz bei uns & sichere dir tolle Benefits!\",\"breadcrumb\":{\"@id\":\"https:\\\/\\\/obeck.higginsdevelopment.co.uk\\\/de\\\/karriere\\\/#breadcrumb\"},\"inLanguage\":\"de\",\"potentialAction\":[{\"@type\":\"ReadAction\",\"target\":[\"https:\\\/\\\/obeck.higginsdevelopment.co.uk\\\/de\\\/karriere\\\/\"]}]},{\"@type\":\"BreadcrumbList\",\"@id\":\"https:\\\/\\\/obeck.higginsdevelopment.co.uk\\\/de\\\/karriere\\\/#breadcrumb\",\"itemListElement\":[{\"@type\":\"ListItem\",\"position\":1,\"name\":\"Home\",\"item\":\"https:\\\/\\\/obeck.higginsdevelopment.co.uk\\\/de\\\/\"},{\"@type\":\"ListItem\",\"position\":2,\"name\":\"Karriere\"}]},{\"@type\":\"WebSite\",\"@id\":\"https:\\\/\\\/obeck.higginsdevelopment.co.uk\\\/de\\\/#website\",\"url\":\"https:\\\/\\\/obeck.higginsdevelopment.co.uk\\\/de\\\/\",\"name\":\"Obeck\",\"description\":\"\",\"publisher\":{\"@id\":\"https:\\\/\\\/obeck.higginsdevelopment.co.uk\\\/de\\\/#organization\"},\"potentialAction\":[{\"@type\":\"SearchAction\",\"target\":{\"@type\":\"EntryPoint\",\"urlTemplate\":\"https:\\\/\\\/obeck.higginsdevelopment.co.uk\\\/de\\\/?s={search_term_string}\"},\"query-input\":{\"@type\":\"PropertyValueSpecification\",\"valueRequired\":true,\"valueName\":\"search_term_string\"}}],\"inLanguage\":\"de\"},{\"@type\":\"Organization\",\"@id\":\"https:\\\/\\\/obeck.higginsdevelopment.co.uk\\\/de\\\/#organization\",\"name\":\"OBECK Verpackungen\",\"alternateName\":\"OBECK\",\"url\":\"https:\\\/\\\/obeck.higginsdevelopment.co.uk\\\/de\\\/\",\"logo\":{\"@type\":\"ImageObject\",\"inLanguage\":\"de\",\"@id\":\"https:\\\/\\\/obeck.higginsdevelopment.co.uk\\\/de\\\/#\\\/schema\\\/logo\\\/image\\\/\",\"url\":\"https:\\\/\\\/obeck.higginsdevelopment.co.uk\\\/wp-content\\\/uploads\\\/2024\\\/04\\\/Obeck-logo-white-background-1.png\",\"contentUrl\":\"https:\\\/\\\/obeck.higginsdevelopment.co.uk\\\/wp-content\\\/uploads\\\/2024\\\/04\\\/Obeck-logo-white-background-1.png\",\"width\":363,\"height\":135,\"caption\":\"OBECK Verpackungen\"},\"image\":{\"@id\":\"https:\\\/\\\/obeck.higginsdevelopment.co.uk\\\/de\\\/#\\\/schema\\\/logo\\\/image\\\/\"},\"sameAs\":[\"https:\\\/\\\/www.facebook.com\\\/obeck.eu\",\"https:\\\/\\\/www.linkedin.com\\\/company\\\/obeck-verpackungen-gmbh\\\/\",\"https:\\\/\\\/www.instagram.com\\\/obeck_verpackungen\"]}]}<\/script>\n<!-- \/ Yoast SEO plugin. -->","yoast_head_json":{"title":"Sichere Jobs bei Obeck in F\u00f6ritztal\/Sonneberg","description":"Sichere Jobs f\u00fcr Fachkr\u00e4fte & Quereinsteiger \u00b7 Obeck: Produktion von PET-Verpackungen & Verschl\u00fcssen \u00b7 Finde deinen Platz bei uns & sichere dir tolle Benefits!","robots":{"index":"noindex","follow":"follow","max-snippet":"max-snippet:-1","max-image-preview":"max-image-preview:large","max-video-preview":"max-video-preview:-1"},"og_locale":"de_DE","og_type":"article","og_title":"Sichere Jobs bei Obeck in F\u00f6ritztal\/Sonneberg","og_description":"Sichere Jobs f\u00fcr Fachkr\u00e4fte & Quereinsteiger \u00b7 Obeck: Produktion von PET-Verpackungen & Verschl\u00fcssen \u00b7 Finde deinen Platz bei uns & sichere dir tolle Benefits!","og_url":"https:\/\/obeck.higginsdevelopment.co.uk\/de\/karriere\/","og_site_name":"Obeck","article_publisher":"https:\/\/www.facebook.com\/obeck.eu","article_modified_time":"2026-02-10T08:23:27+00:00","twitter_card":"summary_large_image","schema":{"@context":"https:\/\/schema.org","@graph":[{"@type":"WebPage","@id":"https:\/\/obeck.higginsdevelopment.co.uk\/de\/karriere\/","url":"https:\/\/obeck.higginsdevelopment.co.uk\/de\/karriere\/","name":"Sichere Jobs bei Obeck in F\u00f6ritztal\/Sonneberg","isPartOf":{"@id":"https:\/\/obeck.higginsdevelopment.co.uk\/de\/#website"},"datePublished":"2023-03-21T15:09:40+00:00","dateModified":"2026-02-10T08:23:27+00:00","description":"Sichere Jobs f\u00fcr Fachkr\u00e4fte & Quereinsteiger \u00b7 Obeck: Produktion von PET-Verpackungen & Verschl\u00fcssen \u00b7 Finde deinen Platz bei uns & sichere dir tolle Benefits!","breadcrumb":{"@id":"https:\/\/obeck.higginsdevelopment.co.uk\/de\/karriere\/#breadcrumb"},"inLanguage":"de","potentialAction":[{"@type":"ReadAction","target":["https:\/\/obeck.higginsdevelopment.co.uk\/de\/karriere\/"]}]},{"@type":"BreadcrumbList","@id":"https:\/\/obeck.higginsdevelopment.co.uk\/de\/karriere\/#breadcrumb","itemListElement":[{"@type":"ListItem","position":1,"name":"Home","item":"https:\/\/obeck.higginsdevelopment.co.uk\/de\/"},{"@type":"ListItem","position":2,"name":"Karriere"}]},{"@type":"WebSite","@id":"https:\/\/obeck.higginsdevelopment.co.uk\/de\/#website","url":"https:\/\/obeck.higginsdevelopment.co.uk\/de\/","name":"Obeck","description":"","publisher":{"@id":"https:\/\/obeck.higginsdevelopment.co.uk\/de\/#organization"},"potentialAction":[{"@type":"SearchAction","target":{"@type":"EntryPoint","urlTemplate":"https:\/\/obeck.higginsdevelopment.co.uk\/de\/?s={search_term_string}"},"query-input":{"@type":"PropertyValueSpecification","valueRequired":true,"valueName":"search_term_string"}}],"inLanguage":"de"},{"@type":"Organization","@id":"https:\/\/obeck.higginsdevelopment.co.uk\/de\/#organization","name":"OBECK Verpackungen","alternateName":"OBECK","url":"https:\/\/obeck.higginsdevelopment.co.uk\/de\/","logo":{"@type":"ImageObject","inLanguage":"de","@id":"https:\/\/obeck.higginsdevelopment.co.uk\/de\/#\/schema\/logo\/image\/","url":"https:\/\/obeck.higginsdevelopment.co.uk\/wp-content\/uploads\/2024\/04\/Obeck-logo-white-background-1.png","contentUrl":"https:\/\/obeck.higginsdevelopment.co.uk\/wp-content\/uploads\/2024\/04\/Obeck-logo-white-background-1.png","width":363,"height":135,"caption":"OBECK Verpackungen"},"image":{"@id":"https:\/\/obeck.higginsdevelopment.co.uk\/de\/#\/schema\/logo\/image\/"},"sameAs":["https:\/\/www.facebook.com\/obeck.eu","https:\/\/www.linkedin.com\/company\/obeck-verpackungen-gmbh\/","https:\/\/www.instagram.com\/obeck_verpackungen"]}]}},"_links":{"self":[{"href":"https:\/\/obeck.higginsdevelopment.co.uk\/de\/wp-json\/wp\/v2\/pages\/37856","targetHints":{"allow":["GET"]}}],"collection":[{"href":"https:\/\/obeck.higginsdevelopment.co.uk\/de\/wp-json\/wp\/v2\/pages"}],"about":[{"href":"https:\/\/obeck.higginsdevelopment.co.uk\/de\/wp-json\/wp\/v2\/types\/page"}],"author":[{"embeddable":true,"href":"https:\/\/obeck.higginsdevelopment.co.uk\/de\/wp-json\/wp\/v2\/users\/1"}],"replies":[{"embeddable":true,"href":"https:\/\/obeck.higginsdevelopment.co.uk\/de\/wp-json\/wp\/v2\/comments?post=37856"}],"version-history":[{"count":23,"href":"https:\/\/obeck.higginsdevelopment.co.uk\/de\/wp-json\/wp\/v2\/pages\/37856\/revisions"}],"predecessor-version":[{"id":44059,"href":"https:\/\/obeck.higginsdevelopment.co.uk\/de\/wp-json\/wp\/v2\/pages\/37856\/revisions\/44059"}],"wp:attachment":[{"href":"https:\/\/obeck.higginsdevelopment.co.uk\/de\/wp-json\/wp\/v2\/media?parent=37856"}],"curies":[{"name":"wp","href":"https:\/\/api.w.org\/{rel}","templated":true}]}}