{"id":4591,"date":"2022-06-23T14:12:00","date_gmt":"2022-06-23T14:12:00","guid":{"rendered":"https:\/\/obeck.higginsdevelopment.co.uk\/kunststoffverpackungen\/"},"modified":"2024-09-30T12:30:49","modified_gmt":"2024-09-30T12:30:49","slug":"kunststoffverpackungen","status":"publish","type":"page","link":"https:\/\/obeck.higginsdevelopment.co.uk\/de\/kunststoffverpackungen\/","title":{"rendered":"Verpackungen"},"content":{"rendered":"\r\n<section id=\"header-with-description-block_f804ed898a9160182f2286565bd5e6b2\" class=\"header-with-description \">\r\n    <div class=\"container-fluid\">\r\n        <div class=\"row\">\r\n            <div class=\"col-lg-6\">\r\n                <h1>PET-Verpackungen<\/h1>\r\n            <\/div>\r\n            <div class=\"col-lg-6\">\r\n\r\n                <div class=\"news-content\">\r\n\r\n                    <p><span data-contrast=\"none\">Bei der PET-Verpackung handelt es sich um ein Polyestermaterial, das Glas \u00e4hnelt, aber bruchsicher und leichter ist &#8211; der ideale Kunststoffbeh\u00e4lter f\u00fcr Lebensmittel, Pharmaprodukte, Kosmetik, Chemie, etc.\u00a0<\/span><span data-contrast=\"none\"><br \/>\n<\/span><\/p>\n\r\n                                            <div class=\"accordion-container\">\r\n                            <div class=\"accordion-part\">\r\n\r\n                                <div class=\"content-read\">\r\n                                    <p><span data-contrast=\"auto\">Unser PET-Verpackungssortiment umfasst eine gro\u00dfe Auswahl an Flaschen und Dosen aus Standard-PET. Auf Wunsch k\u00f6nnen wir aber auch alle Produkte aus <a href=\"https:\/\/obeck.higginsdevelopment.co.uk\/de\/know-how\/materialien\/\">rPET<\/a> (recyceltes PET) fertigen. Unser Standard Produktangebot reicht von 15ml bis 10.000ml, von Veral-Flaschen und Ampullen bis hin zu Square Pill-Dosen und Jumbo Dosen.<\/p>\n<p>Auch eine individuelle PET-L\u00f6sung stellt kein Problem dar. Wir sind in der Lage, auch spezielle und einzigartige Anforderungen zu erf\u00fcllen. Gerne arbeiten wir mit Ihnen zusammen, um hochwertige, innovative Produkte zu entwickeln, die sich vom Wettbewerb abheben, um Ihnen einen Marktvorteil zu verschaffen. <\/span><\/p>\n<p><span data-contrast=\"auto\">Wir bei OBECK entwickeln alle unsere PET-Verpackungen in enger Kooperation mit unseren Kunden, um Ihren W\u00fcnschen und Anforderungen zu 100 Prozent gerecht zu werden. Mit einem engagierten <a href=\"https:\/\/obeck.higginsdevelopment.co.uk\/de\/know-how\/werkzeugbau\/\">Werkzeugbau<\/a>-Team planen und implementieren wir alles intern, damit unsere Verpackungen perfekt sind. Wir entwickeln unsere Produkte st\u00e4ndig weiter, um sicherzustellen, dass wir unseren Kunden nur das Beste bieten. <\/span><span data-ccp-props=\"{&quot;335559738&quot;:0,&quot;335559739&quot;:0}\">\u00a0<\/span><\/p>\n<p><span data-contrast=\"auto\">Als ein f\u00fchrender Hersteller von Kunststoffflaschen, Dosen und Geschenkverpackungen sind unsere PET-Produkte f\u00fcr den Einsatz in den Branchen Lebensmittel, Pharma, Tierpflege, Erg\u00e4nzungsmittel und Vitamine, medizinischer Cannabis, Sportnahrung und Kosmetik ideal. Unsere Produkte werden von Unternehmen weltweit f\u00fcr die Verpackung ihrer Produkte verwendet.<\/span><span data-ccp-props=\"{&quot;335559738&quot;:120,&quot;335559739&quot;:200}\">\u00a0<\/span><\/p>\n                                <\/div>\r\n\r\n\r\n                                <div class=\"toggle\">\r\n                                    <p class=\"read-more\">\r\n                                        Mehr anzeigen                                     <\/p>\r\n\r\n                                    <p class=\"read-less\">\r\n                                        weniger anzeigen <\/p>\r\n                                <\/div>\r\n\r\n                            <\/div>\r\n                        <\/div>\r\n                                    <\/div>\r\n\r\n            <\/div>\r\n        <\/div>\r\n    <\/div>\r\n<\/section>\n\n\r\n<section id=\"bottle-types-block_af48c531d0c3ef917904feeb7aa3f200\" class=\"bottle-types\">\r\n    <div class=\"container-fluid\">\r\n        <div class=\"row\">\r\n            <div class=\"col-lg-12 \">\r\n                <h2 class=\"bottle-type-header\"><\/h2>\r\n            <\/div>\r\n        <\/div>\r\n        <div class=\"row\">\r\n                            <div class=\"col-xl-3 col-lg-3 col-md-6 col-sm-6 col-6\">\r\n                    <a href=\"https:\/\/obeck.higginsdevelopment.co.uk\/en\/plastic-packaging\/pet-bottles\/\" class=\"remove-default-link\">\r\n                        <div class=\"bottle-type-image ratio ratio-1x1\">\r\n                            <picture>\r\n                                <source media=\"(max-width: 350px)\" srcset=\"https:\/\/obeck.higginsdevelopment.co.uk\/wp-content\/uploads\/2024\/04\/PET_BOTTLES_OVERVIEW_V2-1024x1024.jpg 1x\">\r\n                                <source media=\"(max-width: 768px)\" srcset=\"https:\/\/obeck.higginsdevelopment.co.uk\/wp-content\/uploads\/2024\/04\/PET_BOTTLES_OVERVIEW_V2-1024x1024.jpg 1x\">\r\n                                <source media=\"(max-width: 1024px)\" srcset=\"https:\/\/obeck.higginsdevelopment.co.uk\/wp-content\/uploads\/2024\/04\/PET_BOTTLES_OVERVIEW_V2-1024x1024.jpg 1x\">\r\n                                <img decoding=\"async\" id=\"\" class=\"product-image  product-image\" src=\"https:\/\/obeck.higginsdevelopment.co.uk\/wp-content\/uploads\/2024\/04\/PET_BOTTLES_OVERVIEW_V2.jpg\" alt=\"Obeck-Flaschen auf Sockel\" \/>\r\n                            <\/picture>\r\n                        <\/div>\r\n                                                                                    <h2 class=\"bottle-type-title\">PET-Flaschen<\/h2>\r\n                                                                                                                            <\/a>\r\n                <\/div>\r\n\r\n                            <div class=\"col-xl-3 col-lg-3 col-md-6 col-sm-6 col-6\">\r\n                    <a href=\"https:\/\/obeck.higginsdevelopment.co.uk\/en\/plastic-packaging\/pet-jars\/\" class=\"remove-default-link\">\r\n                        <div class=\"bottle-type-image ratio ratio-1x1\">\r\n                            <picture>\r\n                                <source media=\"(max-width: 350px)\" srcset=\"https:\/\/obeck.higginsdevelopment.co.uk\/wp-content\/uploads\/2022\/06\/JARS_OVERVIEW_V1-transparent-1024x1024.jpg 1x\">\r\n                                <source media=\"(max-width: 768px)\" srcset=\"https:\/\/obeck.higginsdevelopment.co.uk\/wp-content\/uploads\/2022\/06\/JARS_OVERVIEW_V1-transparent-1024x1024.jpg 1x\">\r\n                                <source media=\"(max-width: 1024px)\" srcset=\"https:\/\/obeck.higginsdevelopment.co.uk\/wp-content\/uploads\/2022\/06\/JARS_OVERVIEW_V1-transparent-1024x1024.jpg 1x\">\r\n                                <img decoding=\"async\" id=\"\" class=\"product-image  product-image\" src=\"https:\/\/obeck.higginsdevelopment.co.uk\/wp-content\/uploads\/2022\/06\/JARS_OVERVIEW_V1-transparent.jpg\" alt=\"Collection of PET and rPET jars. From 50ml up to 10.000ml and all available with matching pp closures. \" \/>\r\n                            <\/picture>\r\n                        <\/div>\r\n                                                                                    <h2 class=\"bottle-type-title\">PET-Dosen<\/h2>\r\n                                                                                                                            <\/a>\r\n                <\/div>\r\n\r\n                            <div class=\"col-xl-3 col-lg-3 col-md-6 col-sm-6 col-6\">\r\n                    <a href=\"https:\/\/obeck.higginsdevelopment.co.uk\/en\/plastic-packaging\/gift-packaging\/\" class=\"remove-default-link\">\r\n                        <div class=\"bottle-type-image ratio ratio-1x1\">\r\n                            <picture>\r\n                                <source media=\"(max-width: 350px)\" srcset=\"https:\/\/obeck.higginsdevelopment.co.uk\/wp-content\/uploads\/2024\/02\/GIFT_BOTTLES_OVERVIEW_V3-1-1024x1024.jpg 1x\">\r\n                                <source media=\"(max-width: 768px)\" srcset=\"https:\/\/obeck.higginsdevelopment.co.uk\/wp-content\/uploads\/2024\/02\/GIFT_BOTTLES_OVERVIEW_V3-1-1024x1024.jpg 1x\">\r\n                                <source media=\"(max-width: 1024px)\" srcset=\"https:\/\/obeck.higginsdevelopment.co.uk\/wp-content\/uploads\/2024\/02\/GIFT_BOTTLES_OVERVIEW_V3-1-1024x1024.jpg 1x\">\r\n                                <img decoding=\"async\" id=\"\" class=\"product-image  product-image\" src=\"https:\/\/obeck.higginsdevelopment.co.uk\/wp-content\/uploads\/2024\/02\/GIFT_BOTTLES_OVERVIEW_V3-1.jpg\" alt=\"\" \/>\r\n                            <\/picture>\r\n                        <\/div>\r\n                                                                                    <h2 class=\"bottle-type-title\">Geschenkverpackungen<\/h2>\r\n                                                                                                                            <\/a>\r\n                <\/div>\r\n\r\n                            <div class=\"col-xl-3 col-lg-3 col-md-6 col-sm-6 col-6\">\r\n                    <a href=\"https:\/\/obeck.higginsdevelopment.co.uk\/de\/kunststoffverpackungen\/plastik-messloffel\/\" class=\"remove-default-link\">\r\n                        <div class=\"bottle-type-image ratio ratio-1x1\">\r\n                            <picture>\r\n                                <source media=\"(max-width: 350px)\" srcset=\"https:\/\/obeck.higginsdevelopment.co.uk\/wp-content\/uploads\/2024\/02\/SCOOPS_OVERVIEW_V4-1024x1024.jpg 1x\">\r\n                                <source media=\"(max-width: 768px)\" srcset=\"https:\/\/obeck.higginsdevelopment.co.uk\/wp-content\/uploads\/2024\/02\/SCOOPS_OVERVIEW_V4-1024x1024.jpg 1x\">\r\n                                <source media=\"(max-width: 1024px)\" srcset=\"https:\/\/obeck.higginsdevelopment.co.uk\/wp-content\/uploads\/2024\/02\/SCOOPS_OVERVIEW_V4-1024x1024.jpg 1x\">\r\n                                <img decoding=\"async\" id=\"\" class=\"product-image  product-image\" src=\"https:\/\/obeck.higginsdevelopment.co.uk\/wp-content\/uploads\/2024\/02\/SCOOPS_OVERVIEW_V4.jpg\" alt=\"\" \/>\r\n                            <\/picture>\r\n                        <\/div>\r\n                                                                                    <h2 class=\"bottle-type-title\">Messl\u00f6ffel<\/h2>\r\n                                                                                                                            <\/a>\r\n                <\/div>\r\n\r\n                    <\/div>\r\n    <\/div>\r\n<\/section>\n\n\r\n<section class=\"glassmorphism-left\">\r\n    <div class=\"container-fluid\">\r\n\r\n        <div class=\"row\">\r\n            <div class=\"col-12\">\r\n                <div class=\"glassmorphism-container\">\r\n\r\n                    <div class=\" glassmorphism-block glassmorphism-block-desktop rellax\" data-rellax-speed=\"7\" data-rellax-percentage=\"0.5\">\r\n                                                    <h3>Verschl\u00fcsse<\/h3>\r\n                        \r\n                                                    Um Ihre PET-Verpackung zu vervollst\u00e4ndigen, sollten Sie unsere umfangreiche Kollektion von Verschl\u00fcssen entdecken.                                                <div class=\"glassmorphism-block-cta\">\r\n                            <a class=\"button-rounded-blue-dark-hover\" href=\"https:\/\/obeck.higginsdevelopment.co.uk\/de\/verschluesse\/\">Deckel &#038; Verschl\u00fcsse<\/a>\r\n                        <\/div>\r\n                    <\/div>\r\n\r\n\r\n                    <div class=\" glassmorphism-block glassmorphism-block-mobile rellax\" data-rellax-speed=\"7\" data-rellax-percentage=\"0.2\">\r\n                                                    <h3>Verschl\u00fcsse<\/h3>\r\n                        \r\n                                                    Um Ihre PET-Verpackung zu vervollst\u00e4ndigen, sollten Sie unsere umfangreiche Kollektion von Verschl\u00fcssen entdecken.                                                <div class=\"glassmorphism-block-cta\">\r\n                            <a class=\"button-rounded-blue-dark-hover\" href=\"https:\/\/obeck.higginsdevelopment.co.uk\/de\/verschluesse\/\">Deckel &#038; Verschl\u00fcsse<\/a>\r\n                        <\/div>\r\n                    <\/div>\r\n\r\n                    <div class=\"glassmorphism-img-container-right\">\r\n\r\n\r\n                        <picture>\r\n                            <source media=\"(max-width: 350px)\" srcset=\"https:\/\/obeck.higginsdevelopment.co.uk\/wp-content\/uploads\/2024\/03\/CLOSURES_OVERVIEW_V6-1024x1024.jpg 1x\">\r\n                            <source media=\"(max-width: 768px)\" srcset=\"https:\/\/obeck.higginsdevelopment.co.uk\/wp-content\/uploads\/2024\/03\/CLOSURES_OVERVIEW_V6-1024x1024.jpg 1x\">\r\n                            <source media=\"(max-width: 1024px)\" srcset=\"https:\/\/obeck.higginsdevelopment.co.uk\/wp-content\/uploads\/2024\/03\/CLOSURES_OVERVIEW_V6-1024x1024.jpg 1x\">\r\n                            <img decoding=\"async\" id=\"\" class=\"product-image product-image\" src=\"https:\/\/obeck.higginsdevelopment.co.uk\/wp-content\/uploads\/2024\/03\/CLOSURES_OVERVIEW_V6-e1711327425910.jpg\" alt=\"\" \/>\r\n                        <\/picture>\r\n                    <\/div>\r\n\r\n                <\/div>\r\n            <\/div>\r\n        <\/div>\r\n    <\/div>\r\n<\/section>\n\n","protected":false},"excerpt":{"rendered":"","protected":false},"author":1,"featured_media":0,"parent":0,"menu_order":0,"comment_status":"closed","ping_status":"closed","template":"","meta":{"_acf_changed":false,"footnotes":""},"class_list":["post-4591","page","type-page","status-publish","hentry"],"acf":[],"yoast_head":"<!-- This site is optimized with the Yoast SEO plugin v27.5 - https:\/\/yoast.com\/product\/yoast-seo-wordpress\/ -->\n<title>PET-Verpackungen auf h\u00f6chstem Niveau - Obeck.com<\/title>\n<meta name=\"description\" content=\"Komplettes Sortiment an PET-Flaschen und -Dosen mit passenden Verschl\u00fcssen &amp; Messbechern. Spezialist in PET-Verpackungen \u02d1 FSSC 22000 \u02d1 Kontaktier uns\" \/>\n<meta name=\"robots\" content=\"noindex, follow, max-snippet:-1, max-image-preview:large, max-video-preview:-1\" \/>\n<meta property=\"og:locale\" content=\"de_DE\" \/>\n<meta property=\"og:type\" content=\"article\" \/>\n<meta property=\"og:title\" content=\"PET-Verpackungen auf h\u00f6chstem Niveau - Obeck.com\" \/>\n<meta property=\"og:description\" content=\"Komplettes Sortiment an PET-Flaschen und -Dosen mit passenden Verschl\u00fcssen &amp; Messbechern. Spezialist in PET-Verpackungen \u02d1 FSSC 22000 \u02d1 Kontaktier uns\" \/>\n<meta property=\"og:url\" content=\"https:\/\/obeck.higginsdevelopment.co.uk\/de\/kunststoffverpackungen\/\" \/>\n<meta property=\"og:site_name\" content=\"Obeck\" \/>\n<meta property=\"article:publisher\" content=\"https:\/\/www.facebook.com\/obeck.eu\" \/>\n<meta property=\"article:modified_time\" content=\"2024-09-30T12:30:49+00:00\" \/>\n<meta name=\"twitter:card\" content=\"summary_large_image\" \/>\n<script type=\"application\/ld+json\" class=\"yoast-schema-graph\">{\"@context\":\"https:\\\/\\\/schema.org\",\"@graph\":[{\"@type\":\"WebPage\",\"@id\":\"https:\\\/\\\/obeck.higginsdevelopment.co.uk\\\/de\\\/kunststoffverpackungen\\\/\",\"url\":\"https:\\\/\\\/obeck.higginsdevelopment.co.uk\\\/de\\\/kunststoffverpackungen\\\/\",\"name\":\"PET-Verpackungen auf h\u00f6chstem Niveau - Obeck.com\",\"isPartOf\":{\"@id\":\"https:\\\/\\\/obeck.higginsdevelopment.co.uk\\\/de\\\/#website\"},\"datePublished\":\"2022-06-23T14:12:00+00:00\",\"dateModified\":\"2024-09-30T12:30:49+00:00\",\"description\":\"Komplettes Sortiment an PET-Flaschen und -Dosen mit passenden Verschl\u00fcssen & Messbechern. Spezialist in PET-Verpackungen \u02d1 FSSC 22000 \u02d1 Kontaktier uns\",\"breadcrumb\":{\"@id\":\"https:\\\/\\\/obeck.higginsdevelopment.co.uk\\\/de\\\/kunststoffverpackungen\\\/#breadcrumb\"},\"inLanguage\":\"de\",\"potentialAction\":[{\"@type\":\"ReadAction\",\"target\":[\"https:\\\/\\\/obeck.higginsdevelopment.co.uk\\\/de\\\/kunststoffverpackungen\\\/\"]}]},{\"@type\":\"BreadcrumbList\",\"@id\":\"https:\\\/\\\/obeck.higginsdevelopment.co.uk\\\/de\\\/kunststoffverpackungen\\\/#breadcrumb\",\"itemListElement\":[{\"@type\":\"ListItem\",\"position\":1,\"name\":\"Home\",\"item\":\"https:\\\/\\\/obeck.higginsdevelopment.co.uk\\\/de\\\/\"},{\"@type\":\"ListItem\",\"position\":2,\"name\":\"Verpackungen\"}]},{\"@type\":\"WebSite\",\"@id\":\"https:\\\/\\\/obeck.higginsdevelopment.co.uk\\\/de\\\/#website\",\"url\":\"https:\\\/\\\/obeck.higginsdevelopment.co.uk\\\/de\\\/\",\"name\":\"Obeck\",\"description\":\"\",\"publisher\":{\"@id\":\"https:\\\/\\\/obeck.higginsdevelopment.co.uk\\\/de\\\/#organization\"},\"potentialAction\":[{\"@type\":\"SearchAction\",\"target\":{\"@type\":\"EntryPoint\",\"urlTemplate\":\"https:\\\/\\\/obeck.higginsdevelopment.co.uk\\\/de\\\/?s={search_term_string}\"},\"query-input\":{\"@type\":\"PropertyValueSpecification\",\"valueRequired\":true,\"valueName\":\"search_term_string\"}}],\"inLanguage\":\"de\"},{\"@type\":\"Organization\",\"@id\":\"https:\\\/\\\/obeck.higginsdevelopment.co.uk\\\/de\\\/#organization\",\"name\":\"OBECK Verpackungen\",\"alternateName\":\"OBECK\",\"url\":\"https:\\\/\\\/obeck.higginsdevelopment.co.uk\\\/de\\\/\",\"logo\":{\"@type\":\"ImageObject\",\"inLanguage\":\"de\",\"@id\":\"https:\\\/\\\/obeck.higginsdevelopment.co.uk\\\/de\\\/#\\\/schema\\\/logo\\\/image\\\/\",\"url\":\"https:\\\/\\\/obeck.higginsdevelopment.co.uk\\\/wp-content\\\/uploads\\\/2024\\\/04\\\/Obeck-logo-white-background-1.png\",\"contentUrl\":\"https:\\\/\\\/obeck.higginsdevelopment.co.uk\\\/wp-content\\\/uploads\\\/2024\\\/04\\\/Obeck-logo-white-background-1.png\",\"width\":363,\"height\":135,\"caption\":\"OBECK Verpackungen\"},\"image\":{\"@id\":\"https:\\\/\\\/obeck.higginsdevelopment.co.uk\\\/de\\\/#\\\/schema\\\/logo\\\/image\\\/\"},\"sameAs\":[\"https:\\\/\\\/www.facebook.com\\\/obeck.eu\",\"https:\\\/\\\/www.linkedin.com\\\/company\\\/obeck-verpackungen-gmbh\\\/\",\"https:\\\/\\\/www.instagram.com\\\/obeck_verpackungen\"]}]}<\/script>\n<!-- \/ Yoast SEO plugin. -->","yoast_head_json":{"title":"PET-Verpackungen auf h\u00f6chstem Niveau - Obeck.com","description":"Komplettes Sortiment an PET-Flaschen und -Dosen mit passenden Verschl\u00fcssen & Messbechern. Spezialist in PET-Verpackungen \u02d1 FSSC 22000 \u02d1 Kontaktier uns","robots":{"index":"noindex","follow":"follow","max-snippet":"max-snippet:-1","max-image-preview":"max-image-preview:large","max-video-preview":"max-video-preview:-1"},"og_locale":"de_DE","og_type":"article","og_title":"PET-Verpackungen auf h\u00f6chstem Niveau - Obeck.com","og_description":"Komplettes Sortiment an PET-Flaschen und -Dosen mit passenden Verschl\u00fcssen & Messbechern. Spezialist in PET-Verpackungen \u02d1 FSSC 22000 \u02d1 Kontaktier uns","og_url":"https:\/\/obeck.higginsdevelopment.co.uk\/de\/kunststoffverpackungen\/","og_site_name":"Obeck","article_publisher":"https:\/\/www.facebook.com\/obeck.eu","article_modified_time":"2024-09-30T12:30:49+00:00","twitter_card":"summary_large_image","schema":{"@context":"https:\/\/schema.org","@graph":[{"@type":"WebPage","@id":"https:\/\/obeck.higginsdevelopment.co.uk\/de\/kunststoffverpackungen\/","url":"https:\/\/obeck.higginsdevelopment.co.uk\/de\/kunststoffverpackungen\/","name":"PET-Verpackungen auf h\u00f6chstem Niveau - Obeck.com","isPartOf":{"@id":"https:\/\/obeck.higginsdevelopment.co.uk\/de\/#website"},"datePublished":"2022-06-23T14:12:00+00:00","dateModified":"2024-09-30T12:30:49+00:00","description":"Komplettes Sortiment an PET-Flaschen und -Dosen mit passenden Verschl\u00fcssen & Messbechern. Spezialist in PET-Verpackungen \u02d1 FSSC 22000 \u02d1 Kontaktier uns","breadcrumb":{"@id":"https:\/\/obeck.higginsdevelopment.co.uk\/de\/kunststoffverpackungen\/#breadcrumb"},"inLanguage":"de","potentialAction":[{"@type":"ReadAction","target":["https:\/\/obeck.higginsdevelopment.co.uk\/de\/kunststoffverpackungen\/"]}]},{"@type":"BreadcrumbList","@id":"https:\/\/obeck.higginsdevelopment.co.uk\/de\/kunststoffverpackungen\/#breadcrumb","itemListElement":[{"@type":"ListItem","position":1,"name":"Home","item":"https:\/\/obeck.higginsdevelopment.co.uk\/de\/"},{"@type":"ListItem","position":2,"name":"Verpackungen"}]},{"@type":"WebSite","@id":"https:\/\/obeck.higginsdevelopment.co.uk\/de\/#website","url":"https:\/\/obeck.higginsdevelopment.co.uk\/de\/","name":"Obeck","description":"","publisher":{"@id":"https:\/\/obeck.higginsdevelopment.co.uk\/de\/#organization"},"potentialAction":[{"@type":"SearchAction","target":{"@type":"EntryPoint","urlTemplate":"https:\/\/obeck.higginsdevelopment.co.uk\/de\/?s={search_term_string}"},"query-input":{"@type":"PropertyValueSpecification","valueRequired":true,"valueName":"search_term_string"}}],"inLanguage":"de"},{"@type":"Organization","@id":"https:\/\/obeck.higginsdevelopment.co.uk\/de\/#organization","name":"OBECK Verpackungen","alternateName":"OBECK","url":"https:\/\/obeck.higginsdevelopment.co.uk\/de\/","logo":{"@type":"ImageObject","inLanguage":"de","@id":"https:\/\/obeck.higginsdevelopment.co.uk\/de\/#\/schema\/logo\/image\/","url":"https:\/\/obeck.higginsdevelopment.co.uk\/wp-content\/uploads\/2024\/04\/Obeck-logo-white-background-1.png","contentUrl":"https:\/\/obeck.higginsdevelopment.co.uk\/wp-content\/uploads\/2024\/04\/Obeck-logo-white-background-1.png","width":363,"height":135,"caption":"OBECK Verpackungen"},"image":{"@id":"https:\/\/obeck.higginsdevelopment.co.uk\/de\/#\/schema\/logo\/image\/"},"sameAs":["https:\/\/www.facebook.com\/obeck.eu","https:\/\/www.linkedin.com\/company\/obeck-verpackungen-gmbh\/","https:\/\/www.instagram.com\/obeck_verpackungen"]}]}},"_links":{"self":[{"href":"https:\/\/obeck.higginsdevelopment.co.uk\/de\/wp-json\/wp\/v2\/pages\/4591","targetHints":{"allow":["GET"]}}],"collection":[{"href":"https:\/\/obeck.higginsdevelopment.co.uk\/de\/wp-json\/wp\/v2\/pages"}],"about":[{"href":"https:\/\/obeck.higginsdevelopment.co.uk\/de\/wp-json\/wp\/v2\/types\/page"}],"author":[{"embeddable":true,"href":"https:\/\/obeck.higginsdevelopment.co.uk\/de\/wp-json\/wp\/v2\/users\/1"}],"replies":[{"embeddable":true,"href":"https:\/\/obeck.higginsdevelopment.co.uk\/de\/wp-json\/wp\/v2\/comments?post=4591"}],"version-history":[{"count":41,"href":"https:\/\/obeck.higginsdevelopment.co.uk\/de\/wp-json\/wp\/v2\/pages\/4591\/revisions"}],"predecessor-version":[{"id":39410,"href":"https:\/\/obeck.higginsdevelopment.co.uk\/de\/wp-json\/wp\/v2\/pages\/4591\/revisions\/39410"}],"wp:attachment":[{"href":"https:\/\/obeck.higginsdevelopment.co.uk\/de\/wp-json\/wp\/v2\/media?parent=4591"}],"curies":[{"name":"wp","href":"https:\/\/api.w.org\/{rel}","templated":true}]}}