{"id":4593,"date":"2022-07-28T11:09:16","date_gmt":"2022-07-28T11:09:16","guid":{"rendered":"https:\/\/obeck.higginsdevelopment.co.uk\/schliessungen\/"},"modified":"2025-05-16T16:33:34","modified_gmt":"2025-05-16T16:33:34","slug":"verschluesse","status":"publish","type":"page","link":"https:\/\/obeck.higginsdevelopment.co.uk\/de\/verschluesse\/","title":{"rendered":"Verschl\u00fcsse"},"content":{"rendered":"\r\n<section id=\"header-with-description-block_37d4da4677dd694cdcb7ea4fd6394d3e\" class=\"header-with-description \">\r\n    <div class=\"container-fluid\">\r\n        <div class=\"row\">\r\n            <div class=\"col-lg-6\">\r\n                <h1>Verschl\u00fcsse<\/h1>\r\n            <\/div>\r\n            <div class=\"col-lg-6\">\r\n\r\n                <div class=\"news-content\">\r\n\r\n                    <p>Verleihen Sie Ihren <a href=\"https:\/\/obeck.higginsdevelopment.co.uk\/de\/kunststoffverpackungen\/pet-dosen\/\">PET-Dosen<\/a> oder <a href=\"https:\/\/obeck.higginsdevelopment.co.uk\/de\/kunststoffverpackungen\/pet-flaschen\/\">PET-Flaschen<\/a> den letzten Schliff: Egal welchen Verschluss Sie ben\u00f6tigen, bei OBECK finden Sie die passende L\u00f6sung. Unsere Vielfalt an Verschl\u00fcssen erf\u00fcllt nicht nur die grundlegenden Anforderungen zum Abdichten und Verschlie\u00dfen sowie zur Erhaltung der Integrit\u00e4t und Sicherheit des Inhalts, sondern bietet auch Raum f\u00fcr Ihre spezifischen Bed\u00fcrfnisse, um die Attraktivit\u00e4t Ihres Produkts zu steigern.<\/p>\n\r\n                                            <div class=\"accordion-container\">\r\n                            <div class=\"accordion-part\">\r\n\r\n                                <div class=\"content-read\">\r\n                                    <p>Erh\u00e4ltlich sind unsere Verschl\u00fcsse standardm\u00e4\u00dfig in den Farben Wei\u00df, Schwarz und Silber. Auf Wunsch f\u00fchren wir Ihre Bestellung aber auch gerne in weiteren Farben aus, um Ihrem Produkt eine individuelle Note zu verleihen.<\/p>\n<p>Zus\u00e4tzlich bieten wir Ihnen die M\u00f6glichkeit f\u00fcr individuelles Branding durch Methoden wie Logogravur oder Logodruck. Auf diese Weise erh\u00e4lt Ihr Produkt ein einzigartiges Design, das sich deutlich von der Konkurrenz abhebt.<\/p>\n<p>Unser Verkaufsteam steht Ihnen gerne zur Verf\u00fcgung, um Sie bei der Auswahl des optimalen Verschlusses zu beraten und sicherzustellen, dass er sowohl funktional als auch \u00e4sthetisch Ihren Anforderungen entspricht.<\/p>\n                                <\/div>\r\n\r\n\r\n                                <div class=\"toggle\">\r\n                                    <p class=\"read-more\">\r\n                                        Mehr anzeigen                                     <\/p>\r\n\r\n                                    <p class=\"read-less\">\r\n                                        weniger anzeigen <\/p>\r\n                                <\/div>\r\n\r\n                            <\/div>\r\n                        <\/div>\r\n                                    <\/div>\r\n\r\n            <\/div>\r\n        <\/div>\r\n    <\/div>\r\n<\/section>\n\n\r\n<section id=\"bottle-types-block_69e04125740893f9eb6bd219d7b01cbb\" class=\"bottle-types\">\r\n    <div class=\"container-fluid\">\r\n\r\n                <div class=\"row\">\r\n            <div class=\"bottle-types-grid\">\r\n\r\n\r\n                                    <div class=\"bottle-types-inner\">\r\n                        <a href=\"https:\/\/obeck.higginsdevelopment.co.uk\/de\/verschluesse\/schraubverschluesse\/\" class=\"remove-default-link\">\r\n                            <div class=\"bottle-type-image ratio ratio-1x1\">\r\n                                <picture>\r\n                                    <source media=\"(max-width: 350px)\" srcset=\"https:\/\/obeck.higginsdevelopment.co.uk\/wp-content\/uploads\/2024\/02\/Screw-Overview_v1_resized-1024x1024.jpg 1x\">\r\n                                    <source media=\"(max-width: 768px)\" srcset=\"https:\/\/obeck.higginsdevelopment.co.uk\/wp-content\/uploads\/2024\/02\/Screw-Overview_v1_resized-1024x1024.jpg 1x\">\r\n                                    <source media=\"(max-width: 1024px)\" srcset=\"https:\/\/obeck.higginsdevelopment.co.uk\/wp-content\/uploads\/2024\/02\/Screw-Overview_v1_resized-1024x1024.jpg 1x\">\r\n                                    <img decoding=\"async\" id=\"\" class=\"product-image  product-image\" src=\"https:\/\/obeck.higginsdevelopment.co.uk\/wp-content\/uploads\/2024\/02\/Screw-Overview_v1_resized.jpg\" alt=\"\" \/>\r\n                                <\/picture>\r\n                            <\/div>\r\n                                                                                                <h2 class=\"bottle-type-title\">Schraubverschl\u00fcsse<\/h2>\r\n                                                                                                                                                <\/a>\r\n                    <\/div>\r\n\r\n                                    <div class=\"bottle-types-inner\">\r\n                        <a href=\"https:\/\/obeck.higginsdevelopment.co.uk\/de\/verschluesse\/snap-verschluesse\/\" class=\"remove-default-link\">\r\n                            <div class=\"bottle-type-image ratio ratio-1x1\">\r\n                                <picture>\r\n                                    <source media=\"(max-width: 350px)\" srcset=\"https:\/\/obeck.higginsdevelopment.co.uk\/wp-content\/uploads\/2024\/04\/Snap-overview_resize-1024x1024.jpg 1x\">\r\n                                    <source media=\"(max-width: 768px)\" srcset=\"https:\/\/obeck.higginsdevelopment.co.uk\/wp-content\/uploads\/2024\/04\/Snap-overview_resize-1024x1024.jpg 1x\">\r\n                                    <source media=\"(max-width: 1024px)\" srcset=\"https:\/\/obeck.higginsdevelopment.co.uk\/wp-content\/uploads\/2024\/04\/Snap-overview_resize-1024x1024.jpg 1x\">\r\n                                    <img decoding=\"async\" id=\"\" class=\"product-image  product-image\" src=\"https:\/\/obeck.higginsdevelopment.co.uk\/wp-content\/uploads\/2024\/04\/Snap-overview_resize-scaled.jpg\" alt=\"\" \/>\r\n                                <\/picture>\r\n                            <\/div>\r\n                                                                                                <h2 class=\"bottle-type-title\">Snap-Verschl\u00fcsse<\/h2>\r\n                                                                                                                                                <\/a>\r\n                    <\/div>\r\n\r\n                                    <div class=\"bottle-types-inner\">\r\n                        <a href=\"https:\/\/obeck.higginsdevelopment.co.uk\/de\/verschluesse\/kindersichere-verschluesse\/\" class=\"remove-default-link\">\r\n                            <div class=\"bottle-type-image ratio ratio-1x1\">\r\n                                <picture>\r\n                                    <source media=\"(max-width: 350px)\" srcset=\"https:\/\/obeck.higginsdevelopment.co.uk\/wp-content\/uploads\/2024\/04\/CRC-Overview-Grey_resized-2.jpg 1x\">\r\n                                    <source media=\"(max-width: 768px)\" srcset=\"https:\/\/obeck.higginsdevelopment.co.uk\/wp-content\/uploads\/2024\/04\/CRC-Overview-Grey_resized-2.jpg 1x\">\r\n                                    <source media=\"(max-width: 1024px)\" srcset=\"https:\/\/obeck.higginsdevelopment.co.uk\/wp-content\/uploads\/2024\/04\/CRC-Overview-Grey_resized-2.jpg 1x\">\r\n                                    <img decoding=\"async\" id=\"\" class=\"product-image  product-image\" src=\"https:\/\/obeck.higginsdevelopment.co.uk\/wp-content\/uploads\/2024\/04\/CRC-Overview-Grey_resized-2.jpg\" alt=\"\" \/>\r\n                                <\/picture>\r\n                            <\/div>\r\n                                                                                                <h2 class=\"bottle-type-title\">Kindersichere Verschl\u00fcsse<\/h2>\r\n                                                                                                                                                <\/a>\r\n                    <\/div>\r\n\r\n                                    <div class=\"bottle-types-inner\">\r\n                        <a href=\"https:\/\/obeck.higginsdevelopment.co.uk\/de\/verschluesse\/28-ropp-verschluesse-messbecher\/\" class=\"remove-default-link\">\r\n                            <div class=\"bottle-type-image ratio ratio-1x1\">\r\n                                <picture>\r\n                                    <source media=\"(max-width: 350px)\" srcset=\"https:\/\/obeck.higginsdevelopment.co.uk\/wp-content\/uploads\/2024\/04\/28ROPP-overview_resize-1024x1024.jpg 1x\">\r\n                                    <source media=\"(max-width: 768px)\" srcset=\"https:\/\/obeck.higginsdevelopment.co.uk\/wp-content\/uploads\/2024\/04\/28ROPP-overview_resize-1024x1024.jpg 1x\">\r\n                                    <source media=\"(max-width: 1024px)\" srcset=\"https:\/\/obeck.higginsdevelopment.co.uk\/wp-content\/uploads\/2024\/04\/28ROPP-overview_resize-1024x1024.jpg 1x\">\r\n                                    <img decoding=\"async\" id=\"\" class=\"product-image  product-image\" src=\"https:\/\/obeck.higginsdevelopment.co.uk\/wp-content\/uploads\/2024\/04\/28ROPP-overview_resize-scaled.jpg\" alt=\"\" \/>\r\n                                <\/picture>\r\n                            <\/div>\r\n                                                                                                <h2 class=\"bottle-type-title\">28ROPP Verschl\u00fcsse und Dosierkappen<\/h2>\r\n                                                                                                                                                <\/a>\r\n                    <\/div>\r\n\r\n                                    <div class=\"bottle-types-inner\">\r\n                        <a href=\"https:\/\/obeck.higginsdevelopment.co.uk\/de\/verschluesse\/aluminium-weissblechdeckel\/\" class=\"remove-default-link\">\r\n                            <div class=\"bottle-type-image ratio ratio-1x1\">\r\n                                <picture>\r\n                                    <source media=\"(max-width: 350px)\" srcset=\"https:\/\/obeck.higginsdevelopment.co.uk\/wp-content\/uploads\/2025\/05\/Tinplates-Aluminium-Unishell-closures.png 1x\">\r\n                                    <source media=\"(max-width: 768px)\" srcset=\"https:\/\/obeck.higginsdevelopment.co.uk\/wp-content\/uploads\/2025\/05\/Tinplates-Aluminium-Unishell-closures.png 1x\">\r\n                                    <source media=\"(max-width: 1024px)\" srcset=\"https:\/\/obeck.higginsdevelopment.co.uk\/wp-content\/uploads\/2025\/05\/Tinplates-Aluminium-Unishell-closures.png 1x\">\r\n                                    <img decoding=\"async\" id=\"\" class=\"product-image  product-image\" src=\"https:\/\/obeck.higginsdevelopment.co.uk\/wp-content\/uploads\/2025\/05\/Tinplates-Aluminium-Unishell-closures.png\" alt=\"\" \/>\r\n                                <\/picture>\r\n                            <\/div>\r\n                                                                                                <h2 class=\"bottle-type-title\">Wei\u00dfblech- und Aluminiumverschl\u00fcsse<\/h2>\r\n                                                                                                                                                <\/a>\r\n                    <\/div>\r\n\r\n                \r\n            <\/div>\r\n        <\/div>\r\n    <\/div>\r\n<\/section>\n\n\r\n<section class=\"glassmorphism-left\">\r\n    <div class=\"container-fluid\">\r\n\r\n        <div class=\"row\">\r\n            <div class=\"col-12\">\r\n                <div class=\"glassmorphism-container\">\r\n\r\n                    <div class=\" glassmorphism-block glassmorphism-block-desktop rellax\" data-rellax-speed=\"7\" data-rellax-percentage=\"0.5\">\r\n                                                    <h3>Verschluss Konfigurator<\/h3>\r\n                        \r\n                                                    Mit unserem Verschluss Konfigurator k\u00f6nnen Sie Ihren Verschluss individuell anpassen. Klicken Sie hier und starten Sie Ihre Konfiguration.                                                <div class=\"glassmorphism-block-cta\">\r\n                            <a class=\"button-rounded-blue-dark-hover\" href=\"https:\/\/obeck.higginsdevelopment.co.uk\/de\/verschluss-konfigurator\/\">Ihren Verschluss konfigurieren<\/a>\r\n                        <\/div>\r\n                    <\/div>\r\n\r\n\r\n                    <div class=\" glassmorphism-block glassmorphism-block-mobile rellax\" data-rellax-speed=\"7\" data-rellax-percentage=\"0.2\">\r\n                                                    <h3>Verschluss Konfigurator<\/h3>\r\n                        \r\n                                                    Mit unserem Verschluss Konfigurator k\u00f6nnen Sie Ihren Verschluss individuell anpassen. Klicken Sie hier und starten Sie Ihre Konfiguration.                                                <div class=\"glassmorphism-block-cta\">\r\n                            <a class=\"button-rounded-blue-dark-hover\" href=\"https:\/\/obeck.higginsdevelopment.co.uk\/de\/verschluss-konfigurator\/\">Ihren Verschluss konfigurieren<\/a>\r\n                        <\/div>\r\n                    <\/div>\r\n\r\n                    <div class=\"glassmorphism-img-container-right\">\r\n\r\n\r\n                        <picture>\r\n                            <source media=\"(max-width: 350px)\" srcset=\"https:\/\/obeck.higginsdevelopment.co.uk\/wp-content\/uploads\/2024\/02\/Cap_shot3-1-1024x681.jpg 1x\">\r\n                            <source media=\"(max-width: 768px)\" srcset=\"https:\/\/obeck.higginsdevelopment.co.uk\/wp-content\/uploads\/2024\/02\/Cap_shot3-1-1024x681.jpg 1x\">\r\n                            <source media=\"(max-width: 1024px)\" srcset=\"https:\/\/obeck.higginsdevelopment.co.uk\/wp-content\/uploads\/2024\/02\/Cap_shot3-1-1024x681.jpg 1x\">\r\n                            <img decoding=\"async\" id=\"\" class=\"product-image product-image\" src=\"https:\/\/obeck.higginsdevelopment.co.uk\/wp-content\/uploads\/2024\/02\/Cap_shot3-1.jpg\" alt=\"\" \/>\r\n                        <\/picture>\r\n                    <\/div>\r\n\r\n                <\/div>\r\n            <\/div>\r\n        <\/div>\r\n    <\/div>\r\n<\/section>\n\n\r\n<section class=\"glassmorphism-left\">\r\n    <div class=\"container-fluid\">\r\n\r\n        <div class=\"row\">\r\n            <div class=\"col-12\">\r\n                <div class=\"glassmorphism-container\">\r\n                    <div class=\"glassmorphism-img-container-left\">\r\n                        <picture>\r\n                            <source media=\"(max-width: 350px)\" srcset=\"https:\/\/obeck.higginsdevelopment.co.uk\/wp-content\/uploads\/2022\/07\/OBECK_Produktion_DSC2731_01-1024x712.png 1x\">\r\n                            <source media=\"(max-width: 768px)\" srcset=\"https:\/\/obeck.higginsdevelopment.co.uk\/wp-content\/uploads\/2022\/07\/OBECK_Produktion_DSC2731_01-1024x712.png 1x\">\r\n                            <source media=\"(max-width: 1024px)\" srcset=\"https:\/\/obeck.higginsdevelopment.co.uk\/wp-content\/uploads\/2022\/07\/OBECK_Produktion_DSC2731_01-1024x712.png 1x\">\r\n                            <img decoding=\"async\" id=\"\" class=\"product-image product-image\" src=\"https:\/\/obeck.higginsdevelopment.co.uk\/wp-content\/uploads\/2022\/07\/OBECK_Produktion_DSC2731_01.png\" alt=\"\" \/>\r\n                        <\/picture>\r\n                    <\/div>\r\n\r\n                    <div class=\" glassmorphism-block-right glassmorphism-block-desktop  rellax\" data-rellax-speed=\"7\" data-rellax-percentage=\"0.5\">\r\n                                                    <h3>PET-Verpackungen<\/h3>\r\n                        \r\n                                                    Hier finden Sie unser PET-Verpackungssortiment, das umfasst eine gro\u00dfe Auswahl an Flaschen und Dosen aus PET-Material.                        \r\n                        <div class=\"glassmorphism-block-cta\">\r\n                            <a class=\"button-rounded-blue-dark-hover\" href=\"https:\/\/obeck.higginsdevelopment.co.uk\/de\/kunststoffverpackungen\/\">Hier klicken<\/a>\r\n                        <\/div>\r\n\r\n                    <\/div>\r\n\r\n                    <div class=\" glassmorphism-block-right glassmorphism-block-mobile  rellax\" data-rellax-speed=\"7\" data-rellax-percentage=\"0.2\">\r\n                                                    <h3>PET-Verpackungen<\/h3>\r\n                        \r\n                                                    Hier finden Sie unser PET-Verpackungssortiment, das umfasst eine gro\u00dfe Auswahl an Flaschen und Dosen aus PET-Material.                        \r\n                        <div class=\"glassmorphism-block-cta\">\r\n                            <a class=\"button-rounded-blue-dark-hover\" href=\"https:\/\/obeck.higginsdevelopment.co.uk\/de\/kunststoffverpackungen\/\">Hier klicken<\/a>\r\n                        <\/div>\r\n\r\n                    <\/div>\r\n                <\/div>\r\n            <\/div>\r\n        <\/div>\r\n    <\/div>\r\n<\/section>","protected":false},"excerpt":{"rendered":"","protected":false},"author":1,"featured_media":0,"parent":0,"menu_order":0,"comment_status":"closed","ping_status":"closed","template":"","meta":{"_acf_changed":false,"footnotes":""},"class_list":["post-4593","page","type-page","status-publish","hentry"],"acf":[],"yoast_head":"<!-- This site is optimized with the Yoast SEO plugin v27.5 - https:\/\/yoast.com\/product\/yoast-seo-wordpress\/ -->\n<title>Ein Hersteller f\u00fcr PET- Verpackungen und Deckel - Obeck.com<\/title>\n<meta name=\"description\" content=\"Sie w\u00fcnschen sich ein Alles-aus-einer-Hand-Konzept f\u00fcr alle PET-Verpackungen und Verschl\u00fcsse? Schraub-, Schnapp-, KISI-, Aluminium und 28ROPP- Verschl\u00fcsse.\" \/>\n<meta name=\"robots\" content=\"noindex, follow, max-snippet:-1, max-image-preview:large, max-video-preview:-1\" \/>\n<meta property=\"og:locale\" content=\"de_DE\" \/>\n<meta property=\"og:type\" content=\"article\" \/>\n<meta property=\"og:title\" content=\"Ein Hersteller f\u00fcr PET- Verpackungen und Deckel - Obeck.com\" \/>\n<meta property=\"og:description\" content=\"Sie w\u00fcnschen sich ein Alles-aus-einer-Hand-Konzept f\u00fcr alle PET-Verpackungen und Verschl\u00fcsse? Schraub-, Schnapp-, KISI-, Aluminium und 28ROPP- Verschl\u00fcsse.\" \/>\n<meta property=\"og:url\" content=\"https:\/\/obeck.higginsdevelopment.co.uk\/de\/verschluesse\/\" \/>\n<meta property=\"og:site_name\" content=\"Obeck\" \/>\n<meta property=\"article:publisher\" content=\"https:\/\/www.facebook.com\/obeck.eu\" \/>\n<meta property=\"article:modified_time\" content=\"2025-05-16T16:33:34+00:00\" \/>\n<meta name=\"twitter:card\" content=\"summary_large_image\" \/>\n<script type=\"application\/ld+json\" class=\"yoast-schema-graph\">{\"@context\":\"https:\\\/\\\/schema.org\",\"@graph\":[{\"@type\":\"WebPage\",\"@id\":\"https:\\\/\\\/obeck.higginsdevelopment.co.uk\\\/de\\\/verschluesse\\\/\",\"url\":\"https:\\\/\\\/obeck.higginsdevelopment.co.uk\\\/de\\\/verschluesse\\\/\",\"name\":\"Ein Hersteller f\u00fcr PET- Verpackungen und Deckel - Obeck.com\",\"isPartOf\":{\"@id\":\"https:\\\/\\\/obeck.higginsdevelopment.co.uk\\\/de\\\/#website\"},\"datePublished\":\"2022-07-28T11:09:16+00:00\",\"dateModified\":\"2025-05-16T16:33:34+00:00\",\"description\":\"Sie w\u00fcnschen sich ein Alles-aus-einer-Hand-Konzept f\u00fcr alle PET-Verpackungen und Verschl\u00fcsse? Schraub-, Schnapp-, KISI-, Aluminium und 28ROPP- Verschl\u00fcsse.\",\"breadcrumb\":{\"@id\":\"https:\\\/\\\/obeck.higginsdevelopment.co.uk\\\/de\\\/verschluesse\\\/#breadcrumb\"},\"inLanguage\":\"de\",\"potentialAction\":[{\"@type\":\"ReadAction\",\"target\":[\"https:\\\/\\\/obeck.higginsdevelopment.co.uk\\\/de\\\/verschluesse\\\/\"]}]},{\"@type\":\"BreadcrumbList\",\"@id\":\"https:\\\/\\\/obeck.higginsdevelopment.co.uk\\\/de\\\/verschluesse\\\/#breadcrumb\",\"itemListElement\":[{\"@type\":\"ListItem\",\"position\":1,\"name\":\"Home\",\"item\":\"https:\\\/\\\/obeck.higginsdevelopment.co.uk\\\/de\\\/\"},{\"@type\":\"ListItem\",\"position\":2,\"name\":\"Verschl\u00fcsse\"}]},{\"@type\":\"WebSite\",\"@id\":\"https:\\\/\\\/obeck.higginsdevelopment.co.uk\\\/de\\\/#website\",\"url\":\"https:\\\/\\\/obeck.higginsdevelopment.co.uk\\\/de\\\/\",\"name\":\"Obeck\",\"description\":\"\",\"publisher\":{\"@id\":\"https:\\\/\\\/obeck.higginsdevelopment.co.uk\\\/de\\\/#organization\"},\"potentialAction\":[{\"@type\":\"SearchAction\",\"target\":{\"@type\":\"EntryPoint\",\"urlTemplate\":\"https:\\\/\\\/obeck.higginsdevelopment.co.uk\\\/de\\\/?s={search_term_string}\"},\"query-input\":{\"@type\":\"PropertyValueSpecification\",\"valueRequired\":true,\"valueName\":\"search_term_string\"}}],\"inLanguage\":\"de\"},{\"@type\":\"Organization\",\"@id\":\"https:\\\/\\\/obeck.higginsdevelopment.co.uk\\\/de\\\/#organization\",\"name\":\"OBECK Verpackungen\",\"alternateName\":\"OBECK\",\"url\":\"https:\\\/\\\/obeck.higginsdevelopment.co.uk\\\/de\\\/\",\"logo\":{\"@type\":\"ImageObject\",\"inLanguage\":\"de\",\"@id\":\"https:\\\/\\\/obeck.higginsdevelopment.co.uk\\\/de\\\/#\\\/schema\\\/logo\\\/image\\\/\",\"url\":\"https:\\\/\\\/obeck.higginsdevelopment.co.uk\\\/wp-content\\\/uploads\\\/2024\\\/04\\\/Obeck-logo-white-background-1.png\",\"contentUrl\":\"https:\\\/\\\/obeck.higginsdevelopment.co.uk\\\/wp-content\\\/uploads\\\/2024\\\/04\\\/Obeck-logo-white-background-1.png\",\"width\":363,\"height\":135,\"caption\":\"OBECK Verpackungen\"},\"image\":{\"@id\":\"https:\\\/\\\/obeck.higginsdevelopment.co.uk\\\/de\\\/#\\\/schema\\\/logo\\\/image\\\/\"},\"sameAs\":[\"https:\\\/\\\/www.facebook.com\\\/obeck.eu\",\"https:\\\/\\\/www.linkedin.com\\\/company\\\/obeck-verpackungen-gmbh\\\/\",\"https:\\\/\\\/www.instagram.com\\\/obeck_verpackungen\"]}]}<\/script>\n<!-- \/ Yoast SEO plugin. -->","yoast_head_json":{"title":"Ein Hersteller f\u00fcr PET- Verpackungen und Deckel - Obeck.com","description":"Sie w\u00fcnschen sich ein Alles-aus-einer-Hand-Konzept f\u00fcr alle PET-Verpackungen und Verschl\u00fcsse? Schraub-, Schnapp-, KISI-, Aluminium und 28ROPP- Verschl\u00fcsse.","robots":{"index":"noindex","follow":"follow","max-snippet":"max-snippet:-1","max-image-preview":"max-image-preview:large","max-video-preview":"max-video-preview:-1"},"og_locale":"de_DE","og_type":"article","og_title":"Ein Hersteller f\u00fcr PET- Verpackungen und Deckel - Obeck.com","og_description":"Sie w\u00fcnschen sich ein Alles-aus-einer-Hand-Konzept f\u00fcr alle PET-Verpackungen und Verschl\u00fcsse? Schraub-, Schnapp-, KISI-, Aluminium und 28ROPP- Verschl\u00fcsse.","og_url":"https:\/\/obeck.higginsdevelopment.co.uk\/de\/verschluesse\/","og_site_name":"Obeck","article_publisher":"https:\/\/www.facebook.com\/obeck.eu","article_modified_time":"2025-05-16T16:33:34+00:00","twitter_card":"summary_large_image","schema":{"@context":"https:\/\/schema.org","@graph":[{"@type":"WebPage","@id":"https:\/\/obeck.higginsdevelopment.co.uk\/de\/verschluesse\/","url":"https:\/\/obeck.higginsdevelopment.co.uk\/de\/verschluesse\/","name":"Ein Hersteller f\u00fcr PET- Verpackungen und Deckel - Obeck.com","isPartOf":{"@id":"https:\/\/obeck.higginsdevelopment.co.uk\/de\/#website"},"datePublished":"2022-07-28T11:09:16+00:00","dateModified":"2025-05-16T16:33:34+00:00","description":"Sie w\u00fcnschen sich ein Alles-aus-einer-Hand-Konzept f\u00fcr alle PET-Verpackungen und Verschl\u00fcsse? Schraub-, Schnapp-, KISI-, Aluminium und 28ROPP- Verschl\u00fcsse.","breadcrumb":{"@id":"https:\/\/obeck.higginsdevelopment.co.uk\/de\/verschluesse\/#breadcrumb"},"inLanguage":"de","potentialAction":[{"@type":"ReadAction","target":["https:\/\/obeck.higginsdevelopment.co.uk\/de\/verschluesse\/"]}]},{"@type":"BreadcrumbList","@id":"https:\/\/obeck.higginsdevelopment.co.uk\/de\/verschluesse\/#breadcrumb","itemListElement":[{"@type":"ListItem","position":1,"name":"Home","item":"https:\/\/obeck.higginsdevelopment.co.uk\/de\/"},{"@type":"ListItem","position":2,"name":"Verschl\u00fcsse"}]},{"@type":"WebSite","@id":"https:\/\/obeck.higginsdevelopment.co.uk\/de\/#website","url":"https:\/\/obeck.higginsdevelopment.co.uk\/de\/","name":"Obeck","description":"","publisher":{"@id":"https:\/\/obeck.higginsdevelopment.co.uk\/de\/#organization"},"potentialAction":[{"@type":"SearchAction","target":{"@type":"EntryPoint","urlTemplate":"https:\/\/obeck.higginsdevelopment.co.uk\/de\/?s={search_term_string}"},"query-input":{"@type":"PropertyValueSpecification","valueRequired":true,"valueName":"search_term_string"}}],"inLanguage":"de"},{"@type":"Organization","@id":"https:\/\/obeck.higginsdevelopment.co.uk\/de\/#organization","name":"OBECK Verpackungen","alternateName":"OBECK","url":"https:\/\/obeck.higginsdevelopment.co.uk\/de\/","logo":{"@type":"ImageObject","inLanguage":"de","@id":"https:\/\/obeck.higginsdevelopment.co.uk\/de\/#\/schema\/logo\/image\/","url":"https:\/\/obeck.higginsdevelopment.co.uk\/wp-content\/uploads\/2024\/04\/Obeck-logo-white-background-1.png","contentUrl":"https:\/\/obeck.higginsdevelopment.co.uk\/wp-content\/uploads\/2024\/04\/Obeck-logo-white-background-1.png","width":363,"height":135,"caption":"OBECK Verpackungen"},"image":{"@id":"https:\/\/obeck.higginsdevelopment.co.uk\/de\/#\/schema\/logo\/image\/"},"sameAs":["https:\/\/www.facebook.com\/obeck.eu","https:\/\/www.linkedin.com\/company\/obeck-verpackungen-gmbh\/","https:\/\/www.instagram.com\/obeck_verpackungen"]}]}},"_links":{"self":[{"href":"https:\/\/obeck.higginsdevelopment.co.uk\/de\/wp-json\/wp\/v2\/pages\/4593","targetHints":{"allow":["GET"]}}],"collection":[{"href":"https:\/\/obeck.higginsdevelopment.co.uk\/de\/wp-json\/wp\/v2\/pages"}],"about":[{"href":"https:\/\/obeck.higginsdevelopment.co.uk\/de\/wp-json\/wp\/v2\/types\/page"}],"author":[{"embeddable":true,"href":"https:\/\/obeck.higginsdevelopment.co.uk\/de\/wp-json\/wp\/v2\/users\/1"}],"replies":[{"embeddable":true,"href":"https:\/\/obeck.higginsdevelopment.co.uk\/de\/wp-json\/wp\/v2\/comments?post=4593"}],"version-history":[{"count":32,"href":"https:\/\/obeck.higginsdevelopment.co.uk\/de\/wp-json\/wp\/v2\/pages\/4593\/revisions"}],"predecessor-version":[{"id":41659,"href":"https:\/\/obeck.higginsdevelopment.co.uk\/de\/wp-json\/wp\/v2\/pages\/4593\/revisions\/41659"}],"wp:attachment":[{"href":"https:\/\/obeck.higginsdevelopment.co.uk\/de\/wp-json\/wp\/v2\/media?parent=4593"}],"curies":[{"name":"wp","href":"https:\/\/api.w.org\/{rel}","templated":true}]}}