{"id":4394,"date":"2022-07-28T11:09:16","date_gmt":"2022-07-28T11:09:16","guid":{"rendered":"https:\/\/obeck.higginsdevelopment.co.uk\/sluiting\/"},"modified":"2025-05-16T16:33:32","modified_gmt":"2025-05-16T16:33:32","slug":"sluitingen","status":"publish","type":"page","link":"https:\/\/obeck.higginsdevelopment.co.uk\/nl\/sluitingen\/","title":{"rendered":"Sluitingen"},"content":{"rendered":"\r\n<section id=\"header-with-description-block_9e83e7554f60382a071fffad7847097f\" class=\"header-with-description \">\r\n    <div class=\"container-fluid\">\r\n        <div class=\"row\">\r\n            <div class=\"col-lg-6\">\r\n                <h1>Sluitingen<\/h1>\r\n            <\/div>\r\n            <div class=\"col-lg-6\">\r\n\r\n                <div class=\"news-content\">\r\n\r\n                    <p>Geen enkele <a href=\"https:\/\/obeck.higginsdevelopment.co.uk\/nl\/plastic-verpakkingen\/pet-potten\/\">PET pot<\/a> of <a href=\"https:\/\/obeck.higginsdevelopment.co.uk\/nl\/plastic-verpakkingen\/pet-flessen\/\">PET fles<\/a> is compleet zonder de juiste sluiting. Dit belangrijke onderdeel van de verpakking doet meer  dan alleen het behouden en beschermen van de inhoud en het tegengaan van lekkage. Een mooie sluiting verhoogt de waarde van uw merk en maakt het product in de verpakking aantrekkelijker. Ontdek hier alle mogelijkheden.<\/p>\n\r\n                                            <div class=\"accordion-container\">\r\n                            <div class=\"accordion-part\">\r\n\r\n                                <div class=\"content-read\">\r\n                                    <p>Onze deksels zijn standaard verkrijgbaar in het wit, zwart en zilver. Maar op aanvraag kunnen wij alle kleuren van de regenboog aan u aanbieden. We hebben ook de mogelijkheid om uw deksels te customizen met een speciaal design. Hiermee cre\u00ebert u een ontwerp dat uw product een bijzondere uitstraling en meerwaarde geeft. <\/p>\n                                <\/div>\r\n\r\n\r\n                                <div class=\"toggle\">\r\n                                    <p class=\"read-more\">\r\n                                        Lees verder                                    <\/p>\r\n\r\n                                    <p class=\"read-less\">\r\n                                        Lees minder <\/p>\r\n                                <\/div>\r\n\r\n                            <\/div>\r\n                        <\/div>\r\n                                    <\/div>\r\n\r\n            <\/div>\r\n        <\/div>\r\n    <\/div>\r\n<\/section>\n\n\r\n<section id=\"bottle-types-block_ff23b273871cc7cb24318c33bf9eb614\" class=\"bottle-types\">\r\n    <div class=\"container-fluid\">\r\n\r\n                <div class=\"row\">\r\n            <div class=\"bottle-types-grid\">\r\n\r\n\r\n                                    <div class=\"bottle-types-inner\">\r\n                        <a href=\"https:\/\/obeck.higginsdevelopment.co.uk\/nl\/sluitingen\/schroefdeksels\/\" class=\"remove-default-link\">\r\n                            <div class=\"bottle-type-image ratio ratio-1x1\">\r\n                                <picture>\r\n                                    <source media=\"(max-width: 350px)\" srcset=\"https:\/\/obeck.higginsdevelopment.co.uk\/wp-content\/uploads\/2024\/02\/Screw-Overview_v1_resized-1024x1024.jpg 1x\">\r\n                                    <source media=\"(max-width: 768px)\" srcset=\"https:\/\/obeck.higginsdevelopment.co.uk\/wp-content\/uploads\/2024\/02\/Screw-Overview_v1_resized-1024x1024.jpg 1x\">\r\n                                    <source media=\"(max-width: 1024px)\" srcset=\"https:\/\/obeck.higginsdevelopment.co.uk\/wp-content\/uploads\/2024\/02\/Screw-Overview_v1_resized-1024x1024.jpg 1x\">\r\n                                    <img decoding=\"async\" id=\"\" class=\"product-image  product-image\" src=\"https:\/\/obeck.higginsdevelopment.co.uk\/wp-content\/uploads\/2024\/02\/Screw-Overview_v1_resized.jpg\" alt=\"\" \/>\r\n                                <\/picture>\r\n                            <\/div>\r\n                                                                                                <h2 class=\"bottle-type-title\">Schroefdeksels<\/h2>\r\n                                                                                                                                                <\/a>\r\n                    <\/div>\r\n\r\n                                    <div class=\"bottle-types-inner\">\r\n                        <a href=\"https:\/\/obeck.higginsdevelopment.co.uk\/nl\/sluitingen\/snap-deksels\/\" class=\"remove-default-link\">\r\n                            <div class=\"bottle-type-image ratio ratio-1x1\">\r\n                                <picture>\r\n                                    <source media=\"(max-width: 350px)\" srcset=\"https:\/\/obeck.higginsdevelopment.co.uk\/wp-content\/uploads\/2024\/04\/Snap-overview_resize-1024x1024.jpg 1x\">\r\n                                    <source media=\"(max-width: 768px)\" srcset=\"https:\/\/obeck.higginsdevelopment.co.uk\/wp-content\/uploads\/2024\/04\/Snap-overview_resize-1024x1024.jpg 1x\">\r\n                                    <source media=\"(max-width: 1024px)\" srcset=\"https:\/\/obeck.higginsdevelopment.co.uk\/wp-content\/uploads\/2024\/04\/Snap-overview_resize-1024x1024.jpg 1x\">\r\n                                    <img decoding=\"async\" id=\"\" class=\"product-image  product-image\" src=\"https:\/\/obeck.higginsdevelopment.co.uk\/wp-content\/uploads\/2024\/04\/Snap-overview_resize-scaled.jpg\" alt=\"\" \/>\r\n                                <\/picture>\r\n                            <\/div>\r\n                                                                                                <h2 class=\"bottle-type-title\">Snapdeksels<\/h2>\r\n                                                                                                                                                <\/a>\r\n                    <\/div>\r\n\r\n                                    <div class=\"bottle-types-inner\">\r\n                        <a href=\"https:\/\/obeck.higginsdevelopment.co.uk\/nl\/sluitingen\/kindveilige-sluitingen\/\" class=\"remove-default-link\">\r\n                            <div class=\"bottle-type-image ratio ratio-1x1\">\r\n                                <picture>\r\n                                    <source media=\"(max-width: 350px)\" srcset=\"https:\/\/obeck.higginsdevelopment.co.uk\/wp-content\/uploads\/2024\/04\/CRC-Overview-Grey_resized-2.jpg 1x\">\r\n                                    <source media=\"(max-width: 768px)\" srcset=\"https:\/\/obeck.higginsdevelopment.co.uk\/wp-content\/uploads\/2024\/04\/CRC-Overview-Grey_resized-2.jpg 1x\">\r\n                                    <source media=\"(max-width: 1024px)\" srcset=\"https:\/\/obeck.higginsdevelopment.co.uk\/wp-content\/uploads\/2024\/04\/CRC-Overview-Grey_resized-2.jpg 1x\">\r\n                                    <img decoding=\"async\" id=\"\" class=\"product-image  product-image\" src=\"https:\/\/obeck.higginsdevelopment.co.uk\/wp-content\/uploads\/2024\/04\/CRC-Overview-Grey_resized-2.jpg\" alt=\"\" \/>\r\n                                <\/picture>\r\n                            <\/div>\r\n                                                                                                <h2 class=\"bottle-type-title\">Kindveilige sluitingen<\/h2>\r\n                                                                                                                                                <\/a>\r\n                    <\/div>\r\n\r\n                                    <div class=\"bottle-types-inner\">\r\n                        <a href=\"https:\/\/obeck.higginsdevelopment.co.uk\/nl\/sluitingen\/28-ropp-doppen-maatbekers\/\" class=\"remove-default-link\">\r\n                            <div class=\"bottle-type-image ratio ratio-1x1\">\r\n                                <picture>\r\n                                    <source media=\"(max-width: 350px)\" srcset=\"https:\/\/obeck.higginsdevelopment.co.uk\/wp-content\/uploads\/2024\/04\/28ROPP-overview_resize-1024x1024.jpg 1x\">\r\n                                    <source media=\"(max-width: 768px)\" srcset=\"https:\/\/obeck.higginsdevelopment.co.uk\/wp-content\/uploads\/2024\/04\/28ROPP-overview_resize-1024x1024.jpg 1x\">\r\n                                    <source media=\"(max-width: 1024px)\" srcset=\"https:\/\/obeck.higginsdevelopment.co.uk\/wp-content\/uploads\/2024\/04\/28ROPP-overview_resize-1024x1024.jpg 1x\">\r\n                                    <img decoding=\"async\" id=\"\" class=\"product-image  product-image\" src=\"https:\/\/obeck.higginsdevelopment.co.uk\/wp-content\/uploads\/2024\/04\/28ROPP-overview_resize-scaled.jpg\" alt=\"\" \/>\r\n                                <\/picture>\r\n                            <\/div>\r\n                                                                                                <h2 class=\"bottle-type-title\">28ROPP Doppen en maatbekers<\/h2>\r\n                                                                                                                                                <\/a>\r\n                    <\/div>\r\n\r\n                                    <div class=\"bottle-types-inner\">\r\n                        <a href=\"https:\/\/obeck.higginsdevelopment.co.uk\/nl\/sluitingen\/tinplate-en-aluminium-schroefdeksels\/\" class=\"remove-default-link\">\r\n                            <div class=\"bottle-type-image ratio ratio-1x1\">\r\n                                <picture>\r\n                                    <source media=\"(max-width: 350px)\" srcset=\"https:\/\/obeck.higginsdevelopment.co.uk\/wp-content\/uploads\/2025\/05\/Tinplates-Aluminium-Unishell-closures.png 1x\">\r\n                                    <source media=\"(max-width: 768px)\" srcset=\"https:\/\/obeck.higginsdevelopment.co.uk\/wp-content\/uploads\/2025\/05\/Tinplates-Aluminium-Unishell-closures.png 1x\">\r\n                                    <source media=\"(max-width: 1024px)\" srcset=\"https:\/\/obeck.higginsdevelopment.co.uk\/wp-content\/uploads\/2025\/05\/Tinplates-Aluminium-Unishell-closures.png 1x\">\r\n                                    <img decoding=\"async\" id=\"\" class=\"product-image  product-image\" src=\"https:\/\/obeck.higginsdevelopment.co.uk\/wp-content\/uploads\/2025\/05\/Tinplates-Aluminium-Unishell-closures.png\" alt=\"\" \/>\r\n                                <\/picture>\r\n                            <\/div>\r\n                                                                                                <h2 class=\"bottle-type-title\">Tinplate en Aluminium schroefdeksels<\/h2>\r\n                                                                                                                                                <\/a>\r\n                    <\/div>\r\n\r\n                \r\n            <\/div>\r\n        <\/div>\r\n    <\/div>\r\n<\/section>\n\n\r\n<section class=\"glassmorphism-left\">\r\n    <div class=\"container-fluid\">\r\n\r\n        <div class=\"row\">\r\n            <div class=\"col-12\">\r\n                <div class=\"glassmorphism-container\">\r\n\r\n                    <div class=\" glassmorphism-block glassmorphism-block-desktop rellax\" data-rellax-speed=\"7\" data-rellax-percentage=\"0.5\">\r\n                                                    <h3>Dekselconfigurator<\/h3>\r\n                        \r\n                                                    Met onze Dekselconfigurator kunt u zelf uw deksel samenstellen. Klik hier en start uw configuratie.                                                <div class=\"glassmorphism-block-cta\">\r\n                            <a class=\"button-rounded-blue-dark-hover\" href=\"#\">Maak uw eigen deksel<\/a>\r\n                        <\/div>\r\n                    <\/div>\r\n\r\n\r\n                    <div class=\" glassmorphism-block glassmorphism-block-mobile rellax\" data-rellax-speed=\"7\" data-rellax-percentage=\"0.2\">\r\n                                                    <h3>Dekselconfigurator<\/h3>\r\n                        \r\n                                                    Met onze Dekselconfigurator kunt u zelf uw deksel samenstellen. Klik hier en start uw configuratie.                                                <div class=\"glassmorphism-block-cta\">\r\n                            <a class=\"button-rounded-blue-dark-hover\" href=\"#\">Maak uw eigen deksel<\/a>\r\n                        <\/div>\r\n                    <\/div>\r\n\r\n                    <div class=\"glassmorphism-img-container-right\">\r\n\r\n\r\n                        <picture>\r\n                            <source media=\"(max-width: 350px)\" srcset=\"https:\/\/obeck.higginsdevelopment.co.uk\/wp-content\/uploads\/2024\/02\/Cap_shot3-1-1024x681.jpg 1x\">\r\n                            <source media=\"(max-width: 768px)\" srcset=\"https:\/\/obeck.higginsdevelopment.co.uk\/wp-content\/uploads\/2024\/02\/Cap_shot3-1-1024x681.jpg 1x\">\r\n                            <source media=\"(max-width: 1024px)\" srcset=\"https:\/\/obeck.higginsdevelopment.co.uk\/wp-content\/uploads\/2024\/02\/Cap_shot3-1-1024x681.jpg 1x\">\r\n                            <img decoding=\"async\" id=\"\" class=\"product-image product-image\" src=\"https:\/\/obeck.higginsdevelopment.co.uk\/wp-content\/uploads\/2024\/02\/Cap_shot3-1.jpg\" alt=\"\" \/>\r\n                        <\/picture>\r\n                    <\/div>\r\n\r\n                <\/div>\r\n            <\/div>\r\n        <\/div>\r\n    <\/div>\r\n<\/section>\n\n\r\n<section class=\"glassmorphism-left\">\r\n    <div class=\"container-fluid\">\r\n\r\n        <div class=\"row\">\r\n            <div class=\"col-12\">\r\n                <div class=\"glassmorphism-container\">\r\n                    <div class=\"glassmorphism-img-container-left\">\r\n                        <picture>\r\n                            <source media=\"(max-width: 350px)\" srcset=\"https:\/\/obeck.higginsdevelopment.co.uk\/wp-content\/uploads\/2022\/07\/OBECK_Produktion_DSC2731_01-1024x712.png 1x\">\r\n                            <source media=\"(max-width: 768px)\" srcset=\"https:\/\/obeck.higginsdevelopment.co.uk\/wp-content\/uploads\/2022\/07\/OBECK_Produktion_DSC2731_01-1024x712.png 1x\">\r\n                            <source media=\"(max-width: 1024px)\" srcset=\"https:\/\/obeck.higginsdevelopment.co.uk\/wp-content\/uploads\/2022\/07\/OBECK_Produktion_DSC2731_01-1024x712.png 1x\">\r\n                            <img decoding=\"async\" id=\"\" class=\"product-image product-image\" src=\"https:\/\/obeck.higginsdevelopment.co.uk\/wp-content\/uploads\/2022\/07\/OBECK_Produktion_DSC2731_01.png\" alt=\"\" \/>\r\n                        <\/picture>\r\n                    <\/div>\r\n\r\n                    <div class=\" glassmorphism-block-right glassmorphism-block-desktop  rellax\" data-rellax-speed=\"7\" data-rellax-percentage=\"0.5\">\r\n                                                    <h3>PET Verpakkingen<\/h3>\r\n                        \r\n                                                    Hier vindt u ons assortiment PET-verpakkingen, dat bestaat uit een brede selectie flessen en potten gemaakt van PET-materiaal.                        \r\n                        <div class=\"glassmorphism-block-cta\">\r\n                            <a class=\"button-rounded-blue-dark-hover\" href=\"https:\/\/obeck.higginsdevelopment.co.uk\/nl\/plastic-verpakkingen\/\">Klik hier<\/a>\r\n                        <\/div>\r\n\r\n                    <\/div>\r\n\r\n                    <div class=\" glassmorphism-block-right glassmorphism-block-mobile  rellax\" data-rellax-speed=\"7\" data-rellax-percentage=\"0.2\">\r\n                                                    <h3>PET Verpakkingen<\/h3>\r\n                        \r\n                                                    Hier vindt u ons assortiment PET-verpakkingen, dat bestaat uit een brede selectie flessen en potten gemaakt van PET-materiaal.                        \r\n                        <div class=\"glassmorphism-block-cta\">\r\n                            <a class=\"button-rounded-blue-dark-hover\" href=\"https:\/\/obeck.higginsdevelopment.co.uk\/nl\/plastic-verpakkingen\/\">Klik hier<\/a>\r\n                        <\/div>\r\n\r\n                    <\/div>\r\n                <\/div>\r\n            <\/div>\r\n        <\/div>\r\n    <\/div>\r\n<\/section>","protected":false},"excerpt":{"rendered":"","protected":false},"author":1,"featured_media":0,"parent":0,"menu_order":0,"comment_status":"closed","ping_status":"closed","template":"","meta":{"_acf_changed":false,"footnotes":""},"class_list":["post-4394","page","type-page","status-publish","hentry"],"acf":[],"yoast_head":"<!-- This site is optimized with the Yoast SEO plugin v27.5 - https:\/\/yoast.com\/product\/yoast-seo-wordpress\/ -->\n<title>E\u00e9n fabrikant voor PET verpakkingen en deksels - Obeck.com<\/title>\n<meta name=\"description\" content=\"Op zoek naar \u00e9\u00e9n leverancier voor PET verpakkingen en sluitingen? Bekijk onze Schroef-, Snap- en Alu-look deksels, kindveilige sluitingen en 28ROPP doppen.\" \/>\n<meta name=\"robots\" content=\"noindex, follow, max-snippet:-1, max-image-preview:large, max-video-preview:-1\" \/>\n<meta property=\"og:locale\" content=\"nl_NL\" \/>\n<meta property=\"og:type\" content=\"article\" \/>\n<meta property=\"og:title\" content=\"E\u00e9n fabrikant voor PET verpakkingen en deksels - Obeck.com\" \/>\n<meta property=\"og:description\" content=\"Op zoek naar \u00e9\u00e9n leverancier voor PET verpakkingen en sluitingen? Bekijk onze Schroef-, Snap- en Alu-look deksels, kindveilige sluitingen en 28ROPP doppen.\" \/>\n<meta property=\"og:url\" content=\"https:\/\/obeck.higginsdevelopment.co.uk\/nl\/sluitingen\/\" \/>\n<meta property=\"og:site_name\" content=\"Obeck\" \/>\n<meta property=\"article:publisher\" content=\"https:\/\/www.facebook.com\/obeck.eu\" \/>\n<meta property=\"article:modified_time\" content=\"2025-05-16T16:33:32+00:00\" \/>\n<meta name=\"twitter:card\" content=\"summary_large_image\" \/>\n<script type=\"application\/ld+json\" class=\"yoast-schema-graph\">{\"@context\":\"https:\\\/\\\/schema.org\",\"@graph\":[{\"@type\":\"WebPage\",\"@id\":\"https:\\\/\\\/obeck.higginsdevelopment.co.uk\\\/nl\\\/sluitingen\\\/\",\"url\":\"https:\\\/\\\/obeck.higginsdevelopment.co.uk\\\/nl\\\/sluitingen\\\/\",\"name\":\"E\u00e9n fabrikant voor PET verpakkingen en deksels - Obeck.com\",\"isPartOf\":{\"@id\":\"https:\\\/\\\/obeck.higginsdevelopment.co.uk\\\/nl\\\/#website\"},\"datePublished\":\"2022-07-28T11:09:16+00:00\",\"dateModified\":\"2025-05-16T16:33:32+00:00\",\"description\":\"Op zoek naar \u00e9\u00e9n leverancier voor PET verpakkingen en sluitingen? Bekijk onze Schroef-, Snap- en Alu-look deksels, kindveilige sluitingen en 28ROPP doppen.\",\"breadcrumb\":{\"@id\":\"https:\\\/\\\/obeck.higginsdevelopment.co.uk\\\/nl\\\/sluitingen\\\/#breadcrumb\"},\"inLanguage\":\"nl-NL\",\"potentialAction\":[{\"@type\":\"ReadAction\",\"target\":[\"https:\\\/\\\/obeck.higginsdevelopment.co.uk\\\/nl\\\/sluitingen\\\/\"]}]},{\"@type\":\"BreadcrumbList\",\"@id\":\"https:\\\/\\\/obeck.higginsdevelopment.co.uk\\\/nl\\\/sluitingen\\\/#breadcrumb\",\"itemListElement\":[{\"@type\":\"ListItem\",\"position\":1,\"name\":\"Home\",\"item\":\"https:\\\/\\\/obeck.higginsdevelopment.co.uk\\\/nl\\\/\"},{\"@type\":\"ListItem\",\"position\":2,\"name\":\"Sluitingen\"}]},{\"@type\":\"WebSite\",\"@id\":\"https:\\\/\\\/obeck.higginsdevelopment.co.uk\\\/nl\\\/#website\",\"url\":\"https:\\\/\\\/obeck.higginsdevelopment.co.uk\\\/nl\\\/\",\"name\":\"Obeck\",\"description\":\"Packaging for Success\",\"publisher\":{\"@id\":\"https:\\\/\\\/obeck.higginsdevelopment.co.uk\\\/nl\\\/#organization\"},\"potentialAction\":[{\"@type\":\"SearchAction\",\"target\":{\"@type\":\"EntryPoint\",\"urlTemplate\":\"https:\\\/\\\/obeck.higginsdevelopment.co.uk\\\/nl\\\/?s={search_term_string}\"},\"query-input\":{\"@type\":\"PropertyValueSpecification\",\"valueRequired\":true,\"valueName\":\"search_term_string\"}}],\"inLanguage\":\"nl-NL\"},{\"@type\":\"Organization\",\"@id\":\"https:\\\/\\\/obeck.higginsdevelopment.co.uk\\\/nl\\\/#organization\",\"name\":\"OBECK Verpackungen\",\"alternateName\":\"OBECK\",\"url\":\"https:\\\/\\\/obeck.higginsdevelopment.co.uk\\\/nl\\\/\",\"logo\":{\"@type\":\"ImageObject\",\"inLanguage\":\"nl-NL\",\"@id\":\"https:\\\/\\\/obeck.higginsdevelopment.co.uk\\\/nl\\\/#\\\/schema\\\/logo\\\/image\\\/\",\"url\":\"https:\\\/\\\/obeck.higginsdevelopment.co.uk\\\/wp-content\\\/uploads\\\/2024\\\/04\\\/Obeck-logo-white-background-1.png\",\"contentUrl\":\"https:\\\/\\\/obeck.higginsdevelopment.co.uk\\\/wp-content\\\/uploads\\\/2024\\\/04\\\/Obeck-logo-white-background-1.png\",\"width\":363,\"height\":135,\"caption\":\"OBECK Verpackungen\"},\"image\":{\"@id\":\"https:\\\/\\\/obeck.higginsdevelopment.co.uk\\\/nl\\\/#\\\/schema\\\/logo\\\/image\\\/\"},\"sameAs\":[\"https:\\\/\\\/www.facebook.com\\\/obeck.eu\",\"https:\\\/\\\/www.linkedin.com\\\/company\\\/obeck-verpackungen-gmbh\\\/\",\"https:\\\/\\\/www.instagram.com\\\/obeck_verpackungen\"]}]}<\/script>\n<!-- \/ Yoast SEO plugin. -->","yoast_head_json":{"title":"E\u00e9n fabrikant voor PET verpakkingen en deksels - Obeck.com","description":"Op zoek naar \u00e9\u00e9n leverancier voor PET verpakkingen en sluitingen? Bekijk onze Schroef-, Snap- en Alu-look deksels, kindveilige sluitingen en 28ROPP doppen.","robots":{"index":"noindex","follow":"follow","max-snippet":"max-snippet:-1","max-image-preview":"max-image-preview:large","max-video-preview":"max-video-preview:-1"},"og_locale":"nl_NL","og_type":"article","og_title":"E\u00e9n fabrikant voor PET verpakkingen en deksels - Obeck.com","og_description":"Op zoek naar \u00e9\u00e9n leverancier voor PET verpakkingen en sluitingen? Bekijk onze Schroef-, Snap- en Alu-look deksels, kindveilige sluitingen en 28ROPP doppen.","og_url":"https:\/\/obeck.higginsdevelopment.co.uk\/nl\/sluitingen\/","og_site_name":"Obeck","article_publisher":"https:\/\/www.facebook.com\/obeck.eu","article_modified_time":"2025-05-16T16:33:32+00:00","twitter_card":"summary_large_image","schema":{"@context":"https:\/\/schema.org","@graph":[{"@type":"WebPage","@id":"https:\/\/obeck.higginsdevelopment.co.uk\/nl\/sluitingen\/","url":"https:\/\/obeck.higginsdevelopment.co.uk\/nl\/sluitingen\/","name":"E\u00e9n fabrikant voor PET verpakkingen en deksels - Obeck.com","isPartOf":{"@id":"https:\/\/obeck.higginsdevelopment.co.uk\/nl\/#website"},"datePublished":"2022-07-28T11:09:16+00:00","dateModified":"2025-05-16T16:33:32+00:00","description":"Op zoek naar \u00e9\u00e9n leverancier voor PET verpakkingen en sluitingen? Bekijk onze Schroef-, Snap- en Alu-look deksels, kindveilige sluitingen en 28ROPP doppen.","breadcrumb":{"@id":"https:\/\/obeck.higginsdevelopment.co.uk\/nl\/sluitingen\/#breadcrumb"},"inLanguage":"nl-NL","potentialAction":[{"@type":"ReadAction","target":["https:\/\/obeck.higginsdevelopment.co.uk\/nl\/sluitingen\/"]}]},{"@type":"BreadcrumbList","@id":"https:\/\/obeck.higginsdevelopment.co.uk\/nl\/sluitingen\/#breadcrumb","itemListElement":[{"@type":"ListItem","position":1,"name":"Home","item":"https:\/\/obeck.higginsdevelopment.co.uk\/nl\/"},{"@type":"ListItem","position":2,"name":"Sluitingen"}]},{"@type":"WebSite","@id":"https:\/\/obeck.higginsdevelopment.co.uk\/nl\/#website","url":"https:\/\/obeck.higginsdevelopment.co.uk\/nl\/","name":"Obeck","description":"Packaging for Success","publisher":{"@id":"https:\/\/obeck.higginsdevelopment.co.uk\/nl\/#organization"},"potentialAction":[{"@type":"SearchAction","target":{"@type":"EntryPoint","urlTemplate":"https:\/\/obeck.higginsdevelopment.co.uk\/nl\/?s={search_term_string}"},"query-input":{"@type":"PropertyValueSpecification","valueRequired":true,"valueName":"search_term_string"}}],"inLanguage":"nl-NL"},{"@type":"Organization","@id":"https:\/\/obeck.higginsdevelopment.co.uk\/nl\/#organization","name":"OBECK Verpackungen","alternateName":"OBECK","url":"https:\/\/obeck.higginsdevelopment.co.uk\/nl\/","logo":{"@type":"ImageObject","inLanguage":"nl-NL","@id":"https:\/\/obeck.higginsdevelopment.co.uk\/nl\/#\/schema\/logo\/image\/","url":"https:\/\/obeck.higginsdevelopment.co.uk\/wp-content\/uploads\/2024\/04\/Obeck-logo-white-background-1.png","contentUrl":"https:\/\/obeck.higginsdevelopment.co.uk\/wp-content\/uploads\/2024\/04\/Obeck-logo-white-background-1.png","width":363,"height":135,"caption":"OBECK Verpackungen"},"image":{"@id":"https:\/\/obeck.higginsdevelopment.co.uk\/nl\/#\/schema\/logo\/image\/"},"sameAs":["https:\/\/www.facebook.com\/obeck.eu","https:\/\/www.linkedin.com\/company\/obeck-verpackungen-gmbh\/","https:\/\/www.instagram.com\/obeck_verpackungen"]}]}},"_links":{"self":[{"href":"https:\/\/obeck.higginsdevelopment.co.uk\/nl\/wp-json\/wp\/v2\/pages\/4394","targetHints":{"allow":["GET"]}}],"collection":[{"href":"https:\/\/obeck.higginsdevelopment.co.uk\/nl\/wp-json\/wp\/v2\/pages"}],"about":[{"href":"https:\/\/obeck.higginsdevelopment.co.uk\/nl\/wp-json\/wp\/v2\/types\/page"}],"author":[{"embeddable":true,"href":"https:\/\/obeck.higginsdevelopment.co.uk\/nl\/wp-json\/wp\/v2\/users\/1"}],"replies":[{"embeddable":true,"href":"https:\/\/obeck.higginsdevelopment.co.uk\/nl\/wp-json\/wp\/v2\/comments?post=4394"}],"version-history":[{"count":55,"href":"https:\/\/obeck.higginsdevelopment.co.uk\/nl\/wp-json\/wp\/v2\/pages\/4394\/revisions"}],"predecessor-version":[{"id":41660,"href":"https:\/\/obeck.higginsdevelopment.co.uk\/nl\/wp-json\/wp\/v2\/pages\/4394\/revisions\/41660"}],"wp:attachment":[{"href":"https:\/\/obeck.higginsdevelopment.co.uk\/nl\/wp-json\/wp\/v2\/media?parent=4394"}],"curies":[{"name":"wp","href":"https:\/\/api.w.org\/{rel}","templated":true}]}}